{"id":1167,"date":"2022-03-29T13:04:52","date_gmt":"2022-03-29T13:04:52","guid":{"rendered":"https:\/\/bebart.it\/?page_id=1167"},"modified":"2022-09-13T15:26:38","modified_gmt":"2022-09-13T15:26:38","slug":"termini-e-condizioni-di-vendita","status":"publish","type":"page","link":"https:\/\/bebart.it\/?page_id=1167","title":{"rendered":"TERMINI E CONDIZIONI DI VENDITA"},"content":{"rendered":"\n<h2>Art. 1 &#8211; Disposizioni generali<\/h2>\n\n\n\n<div style=\"height:10px\" aria-hidden=\"true\" class=\"wp-block-spacer\"><\/div>\n\n\n\n<p>L\u2019utente navigando in quest\u2019area accede a Bebart, accessibile mediante l\u2019url: https:\/\/bebart.it. La navigazione e la trasmissione di un ordine di acquisto sul sito comportano l\u2019accettazione delle Condizioni e delle Politiche di Protezione dei Dati adottate dal sito stesso ivi indicate.<br>Le presenti Condizioni Generali di Vendita si applicano alla vendita di prodotti con esclusivo riferimento agli acquisti effettuati sul sito conformemente alle disposizioni della Parte III, Titolo III, Capo I, Codice del Consumo (D.lgs. n. 206\/05 modificato dal D.lgs. n. 21\/14 e D.lgs. 70\/03)<\/p>\n\n\n\n<p>L\u2019utente \u00e8 tenuto, prima di accedere ai prodotti forniti dal sito, a leggere le presenti Condizioni Generali di Vendita che si intendono generalmente ed inequivocabilmente accettate al momento dell\u2019acquisto.<br>Si invita l\u2019utente a scaricare e stampare una copia del modulo d\u2019acquisto e delle presenti Condizioni Generali di Vendita i cui termini Bebart si riserva di modificare unilateralmente e senza alcun preavviso.<\/p>\n\n\n\n<div style=\"height:20px\" aria-hidden=\"true\" class=\"wp-block-spacer\"><\/div>\n\n\n\n<h2>Art. 2 &#8211; Oggetto <\/h2>\n\n\n\n<div style=\"height:10px\" aria-hidden=\"true\" class=\"wp-block-spacer\"><\/div>\n\n\n\n<p>Le presenti Condizioni Generali di Vendita disciplinano l\u2019offerta, l\u2019inoltro e l\u2019accettazione di ordini d\u2019acquisto di prodotti su Bebart e non disciplinano, invece, la fornitura di servizi o la vendita di prodotti da parte di soggetti diversi dal venditore che siano presenti sul medesimo sito tramite link, banner o altri collegamenti ipertestuali.<br>Prima di inoltrare ordini ed acquistare prodotti e servizi da soggetti diversi, suggeriamo di verificare le loro condizioni di vendita.<\/p>\n\n\n\n<div style=\"height:20px\" aria-hidden=\"true\" class=\"wp-block-spacer\"><\/div>\n\n\n\n<h2>Art. 3 &#8211; Conclusione del contratto <\/h2>\n\n\n\n<div style=\"height:10px\" aria-hidden=\"true\" class=\"wp-block-spacer\"><\/div>\n\n\n\n<p>Per concludere il contratto di acquisto, sar\u00e0 necessario compilare il formulario in formato elettronico e trasmetterlo seguendo le relative istruzioni.<br>In esso sono contenuti il rinvio alle Condizioni Generali di Vendita, le immagini di ciascun prodotto ed il relativo prezzo, i mezzi di pagamento che \u00e8 possibile utilizzare, le modalit\u00e0 di consegna dei prodotti acquistati e i relativi costi di spedizione e consegna, un rimando alle condizioni per l\u2019esercizio del diritto di recesso; modalit\u00e0 e tempi di restituzione dei prodotti acquistati.<br>Prima di concludere il contratto, sar\u00e0 chiesto di confermare l\u2019avvenuta lettura delle Condizioni Generali di Vendita comprensive dell\u2019Informativa sul diritto di recesso e del trattamento dei dati personali.<br>Il contratto \u00e8 concluso quando il venditore riceve il formulario compilato dall\u2019utente, previa verifica della correttezza dei dati ivi contenuti.<br>L\u2019acquirente sar\u00e0 obbligato al pagamento del prezzo dal momento in cui la procedura di inoltro dell\u2019ordine on line sar\u00e0 conclusa. Ci\u00f2 avverr\u00e0 cliccando sul tasto \u201cEFFETTUA ORDINE\u201d alla fine della procedura guidata.<br>Concluso il contratto, il venditore prende in carico l\u2019ordine per la sua evasione.<\/p>\n\n\n\n<div style=\"height:20px\" aria-hidden=\"true\" class=\"wp-block-spacer\"><\/div>\n\n\n\n<h2>Art. 4 &#8211; Utenti registrati<\/h2>\n\n\n\n<div style=\"height:10px\" aria-hidden=\"true\" class=\"wp-block-spacer\"><\/div>\n\n\n\n<p>Nel completare le procedure di registrazione, l\u2019utente si obbliga a seguire le indicazioni presenti sul sito e a fornire i propri dati personali in maniera corretta e veritiera.<br>La conferma esonerer\u00e0 in ogni caso Bebart da ogni responsabilit\u00e0 circa i dati forniti dall\u2019utente. L\u2019 utente si obbliga a informare tempestivamente Bebart di qualsiasi variazione dei propri dati in ogni tempo comunicati.<br>Qualora poi l\u2019utente comunichi dati non esatti o incompleti ovvero anche nel caso in cui vi sia contestazione da parte dei soggetti interessati circa i pagamenti effettuati, Bebart avr\u00e0 facolt\u00e0 di non attivare ovvero di sospendere il servizio fino a sanatoria delle relative mancanze.<br>In occasione della prima richiesta di attivazione di un profilo da parte dell\u2019utente, Bebart attribuir\u00e0 allo stesso nome utente ed una password. Quest\u2019ultimo riconosce che tali identificativi costituiscono il sistema di validazione degli accessi dell\u2019utente ai Servizi ed il solo sistema idoneo ad identificare l\u2019utente che gli atti compiuti mediante tale accesso saranno a lui attribuiti e avranno efficacia vincolante nei suoi confronti.<br>L\u2019utente si obbliga a mantenerne la segretezza dei suoi dati d\u2019accesso e a custodirli con la dovuta cura e diligenza e a non cederli anche temporaneamente a terzi.<\/p>\n\n\n\n<div style=\"height:20px\" aria-hidden=\"true\" class=\"wp-block-spacer\"><\/div>\n\n\n\n<h2>Art. 5 &#8211; Disponibilit\u00e0 dei prodotti <\/h2>\n\n\n\n<div style=\"height:10px\" aria-hidden=\"true\" class=\"wp-block-spacer\"><\/div>\n\n\n\n<p>La disponibilit\u00e0 dei prodotti si riferisce alla disponibilit\u00e0 effettiva nel momento in cui l\u2019acquirente effettua l\u2019ordine. Tale disponibilit\u00e0 deve comunque essere considerata puramente indicativa perch\u00e9, per effetto della contemporanea presenza sul sito di pi\u00f9 utenti, i prodotti potrebbero essere venduti ad altri clienti prima della conferma dell\u2019ordine.<br>Anche in seguito all\u2019invio dell\u2019e-mail di conferma dell\u2019ordine potrebbero verificarsi casi di indisponibilit\u00e0 parziale o totale della merce. In questa eventualit\u00e0, l\u2019ordine verr\u00e0 rettificato automaticamente con l\u2019eliminazione del prodotto non disponibile e l\u2019acquirente verr\u00e0 immediatamente informato via e-mail.<br>Se l\u2019acquirente richiede l\u2019annullamento dell\u2019ordine, risolvendo il contratto, Bebart rimborser\u00e0 l\u2019importo pagato entro 14 giorni a partire dal momento in cui Bebart ha avuto conoscenza della decisione dell\u2019acquirente di risolvere il contratto.<\/p>\n\n\n\n<div style=\"height:20px\" aria-hidden=\"true\" class=\"wp-block-spacer\"><\/div>\n\n\n\n<h2>Art. 6 &#8211; Prodotti offerti<\/h2>\n\n\n\n<div style=\"height:10px\" aria-hidden=\"true\" class=\"wp-block-spacer\"><\/div>\n\n\n\n<p>Bebart offre:<br>Oggetti artigianali, realizzati con diverse tecniche e materiali.<\/p>\n\n\n\n<div style=\"height:20px\" aria-hidden=\"true\" class=\"wp-block-spacer\"><\/div>\n\n\n\n<h2>Art. 7 &#8211; Modalit\u00e0 di pagamento e prezzi <\/h2>\n\n\n\n<div style=\"height:10px\" aria-hidden=\"true\" class=\"wp-block-spacer\"><\/div>\n\n\n\n<p>Il prezzo dei prodotti sar\u00e0 quello indicato di volta in volta sul sito, salvo laddove sussista un errore palese.<br>In caso di errore Bebart avviser\u00e0 prima possibile l\u2019acquirente consentendo la conferma dell\u2019ordine al giusto importo ovvero l\u2019annullamento. Non sussister\u00e0 ad ogni modo per Bebart l\u2019obbligo di fornire quanto venduto al prezzo inferiore erroneamente indicato.<br>I prezzi del sito sono comprensivi di IVA e includono le spese di spedizione. I prezzi possono subire variazioni in qualsiasi momento. I cambiamenti non riguardano gli ordini per i quali sia stata gi\u00e0 inviata conferma dell\u2019ordine.<br>Una volta selezionati i prodotti desiderati, essi saranno aggiunti al carrello. Sar\u00e0 sufficiente seguire le istruzioni per l\u2019acquisto, inserendo o verificando le informazioni richieste in ogni passaggio del processo. I dettagli dell\u2019ordine potranno essere modificati prima del pagamento.<br>Il pagamento pu\u00f2 essere effettuato tramite: Carte di Credito (Visa, Mastercard, American Express), Carte di Debito (Visa Debit, Mastercard Debit), Bonifico bancario (solo per ordini effettuati via mail). I pagamenti con carta verranno elaborati in totale sicurezza via Stripe.<\/p>\n\n\n\n<div style=\"height:20px\" aria-hidden=\"true\" class=\"wp-block-spacer\"><\/div>\n\n\n\n<h2>Atr. 8 &#8211; Consegna <\/h2>\n\n\n\n<div style=\"height:10px\" aria-hidden=\"true\" class=\"wp-block-spacer\"><\/div>\n\n\n\n<p>Bebart effettua spedizioni in tutto il territorio italiano, escluse lo stato di Citt\u00e0 del Vaticano e la Repubblica di San Marino.<br>Bebart effettuer\u00e0 solamente consegne presso il domicilio dell\u2019utente, fornito al momento dell\u2019acquisto.<br>La consegna viene effettuata, per il territorio italiano, generalmente entro 3-4 giorni lavorativi, o, qualora non fosse specificata alcuna data di consegna, entro il termine stimato al momento della selezione della modalit\u00e0 di consegna e, in ogni caso, entro il termine massimo di trenta giorni dalla data della conferma.<br>Per quanto riguarda i Paesi dell\u2019Unione Europea la consegna sar\u00e0 effettuata in 7-10 giorni lavorativi, ed in ogni caso, entro il termine massimo di trenta giorni.<br>Qualora non fosse possibile effettuare la consegna, l\u2019ordine verr\u00e0 inviato al deposito. In tale evenienza, un avviso preciser\u00e0 luogo in cui si trova l\u2019ordine e le modalit\u00e0 con cui concordare una nuova consegna.<br>Qualora non fosse in grado di essere presente nel luogo di consegna all\u2019orario concordato, Le chiediamo di contattarci nuovamente per concordare una nuova data di consegna.<br>Qualora la consegna non possa avere luogo per cause a noi non imputabili dopo trenta giorni dalla data in cui l\u2019ordine \u00e8 disponibile per la consegna, assumeremo che si intenda risolvere il contratto.<br>In conseguenza della risoluzione gli importi saranno restituiti, inclusi i costi di consegna con l\u2019esclusione di eventuali costi addizionali derivanti dalla scelta di un metodo di consegna diverso dal metodo ordinario offerto senza ingiustificato ritardo e, in ogni caso, entro 14 giorni dalla data di risoluzione del contratto. Il trasporto derivante dalla risoluzione del contratto potrebbe avere costi addizionali che saranno a carico dell\u2019acquirente.<br>Le spese di spedizione sono a carico dell\u2019acquirente e sono evidenziate esplicitamente al momento dell\u2019effettuazione dell\u2019ordine.<\/p>\n\n\n\n<div style=\"height:20px\" aria-hidden=\"true\" class=\"wp-block-spacer\"><\/div>\n\n\n\n<h2>Art. 9 &#8211; Passaggio del rischio <\/h2>\n\n\n\n<div style=\"height:10px\" aria-hidden=\"true\" class=\"wp-block-spacer\"><\/div>\n\n\n\n<p>I rischi relativi ai prodotti passeranno a carico dell\u2019acquirente a partire dal momento della consegna. La propriet\u00e0 dei prodotti si considera acquisita appena ricevuto il pagamento completo di tutti gli importi dovuti in relazione agli stessi, incluse le spese di spedizione, ovvero al momento della consegna, se questa avvenisse in un secondo momento.<\/p>\n\n\n\n<div style=\"height:20px\" aria-hidden=\"true\" class=\"wp-block-spacer\"><\/div>\n\n\n\n<h2>Art. 10 &#8211; Garanzia e conformit\u00e0 commerciale <\/h2>\n\n\n\n<div style=\"height:10px\" aria-hidden=\"true\" class=\"wp-block-spacer\"><\/div>\n\n\n\n<p>Il venditore \u00e8 responsabile per qualsiasi difetto dei prodotti offerti sul sito, ivi inclusa la non conformit\u00e0 degli articoli ai prodotti ordinati, ai sensi di quanto disposto dalla normativa italiana.<br>Se l\u2019acquirente ha stipulato il contratto in qualit\u00e0 di consumatore ovverosia qualsiasi persona fisica che agisca sul sito per scopi estranei all\u2019attivit\u00e0 imprenditoriale o professionale eventualmente svolta, la presente garanzia \u00e8 valida a condizione che il difetto si manifesti entro 24 mesi dalla data di consegna dei prodotti; che l\u2019acquirente presenti reclamo formale relativamente ai difetti entro un massimo di 2 mesi dalla data in cui il difetto \u00e8 stato da quest\u2019ultimo riconosciuto; che venga compilato correttamente il modulo di reso online.<br>In caso di mancata conformit\u00e0, l\u2019acquirente che ha stipulato il contratto in qualit\u00e0 di consumatore avr\u00e0 diritto ad ottenere il ripristino della conformit\u00e0 dei prodotti senza spese, mediante riparazione o sostituzione, ovvero di ottenere un\u2019appropriata riduzione di prezzo ovvero la risoluzione del contratto relativamente ai beni contestati e la conseguente restituzione del prezzo.<br>Tutti i costi di restituzione per prodotti difettosi saranno sostenuti dal venditore.<\/p>\n\n\n\n<div style=\"height:20px\" aria-hidden=\"true\" class=\"wp-block-spacer\"><\/div>\n\n\n\n<h2>Art. 11 &#8211; Recesso <\/h2>\n\n\n\n<div style=\"height:10px\" aria-hidden=\"true\" class=\"wp-block-spacer\"><\/div>\n\n\n\n<p>Conformemente alle disposizioni legali in vigore, l\u2019acquirente ha diritto di recedere dall\u2019acquisto senza alcuna penalit\u00e0 e senza specificarne il motivo, entro il termine di 14 giorni ai sensi dell\u2019art. 57 del D.lgs 206\/2005 decorrenti dalla data di ricezione dei prodotti.<\/p>\n\n\n\n<p>L\u2019utente che intendesse esercitare il diritto di recesso dell\u2019acquisto potr\u00e0 inviare una mail, indicando il numero ordine e nome dell\u2019utente, a:<br>bebart.it@gmail.com<\/p>\n\n\n\n<p>L\u2019acquirente dovr\u00e0 esercitare il diritto di recesso anche inviando una qualsiasi dichiarazione esplicita contenente la decisione di recedere dal contratto oppure alternativamente trasmettere il modulo di recesso tipo, di cui all\u2019Allegato I, parte B, D.Lgs 21\/2014 non obbligatorio.<br>La merce potr\u00e0 essere riconsegnata presso l&#8217;indirizzo di Bebart: Via Antonio Milani 25,<br>37124 VR<\/p>\n\n\n\n<p>La merce dovr\u00e0 essere restituita integra, nella confezione originale, completa in tutte le sue parti e completa della documentazione fiscale annessa. Fatta salva la facolt\u00e0 di verificare il rispetto di quanto sopra, il sito provveder\u00e0 a rimborsare l\u2019importo dei prodotti oggetto del recesso entro un termine massimo di 14 giorni, comprensivo degli eventuali costi di spedizione.<\/p>\n\n\n\n<p>Come previsto dall\u2019art. 56 comma 3 del D.Lgs 206\/2005, modificato dal D.lgs 21\/2014, il sito pu\u00f2 sospendere il rimborso fino al ricevimento dei beni oppure fino all\u2019avvenuta dimostrazione da parte dell\u2019acquirente di aver rispedito i beni.<br>Non si applicher\u00e0 il diritto al recesso nel caso in cui i servizi e prodotti di Bebart sono inclusi nelle categorie dell\u2019art. 59 del D.Lgs 206\/2005.<br>Il sito eseguir\u00e0 il rimborso utilizzando lo stesso mezzo di pagamento scelto dall\u2019acquirente in fase di acquisto. Nel caso di pagamento effettuato con bonifico, e qualora l\u2019acquirente intenda esercitare il proprio diritto di recesso, dovr\u00e0 fornire le coordinate bancarie: IBAN, SWIFT e BIC necessari all\u2019effettuazione del rimborso.<\/p>\n\n\n\n<div style=\"height:20px\" aria-hidden=\"true\" class=\"wp-block-spacer\"><\/div>\n\n\n\n<h2>Art. 12 &#8211; Trattamento dei dati <\/h2>\n\n\n\n<div style=\"height:10px\" aria-hidden=\"true\" class=\"wp-block-spacer\"><\/div>\n\n\n\n<p>I dati dell\u2019acquirente sono trattati conformemente a quanto previsto dalla normativa in materia di protezione dei dati personali, come specificato nell\u2019apposita sezione contenente l\u2019informativa ai sensi dell\u2019art. 13 Regolamento UE 2016\/679 (Privacy Policy).<\/p>\n\n\n\n<div style=\"height:20px\" aria-hidden=\"true\" class=\"wp-block-spacer\"><\/div>\n\n\n\n<h2>Art. 13 &#8211; Clausola di salvaguardia <\/h2>\n\n\n\n<div style=\"height:10px\" aria-hidden=\"true\" class=\"wp-block-spacer\"><\/div>\n\n\n\n<p>Nell\u2019ipotesi in cui una delle clausole delle presenti Condizioni Generali di Vendita fosse nulla per qualsivoglia motivo ci\u00f2 non comprometter\u00e0 in nessun caso la validit\u00e0 e il rispetto delle altre disposizioni figuranti nelle presenti Condizioni Generali di Vendita.<\/p>\n\n\n\n<div style=\"height:20px\" aria-hidden=\"true\" class=\"wp-block-spacer\"><\/div>\n\n\n\n<h2>Art. 14 &#8211; Contratti <\/h2>\n\n\n\n<div style=\"height:10px\" aria-hidden=\"true\" class=\"wp-block-spacer\"><\/div>\n\n\n\n<p>Ogni richiesta di informazione potr\u00e0 essere inviata via mail al seguente indirizzo bebart.it@gmail.com, e via posta al seguente indirizzo:<br>Via Antonio Milani 25,<br>37124 Verona (VR), Italy<\/p>\n\n\n\n<div style=\"height:20px\" aria-hidden=\"true\" class=\"wp-block-spacer\"><\/div>\n\n\n\n<h2>Art. 15 &#8211; Legge applicabile e foro competente <\/h2>\n\n\n\n<div style=\"height:10px\" aria-hidden=\"true\" class=\"wp-block-spacer\"><\/div>\n\n\n\n<p>Le presenti Condizioni Generali di Vendita sono disciplinate dal diritto italiano ed interpretate in base ad esso, fatta salva qualsiasi diversa norma imperativa prevalente del paese di residenza abituale dell\u2019acquirente. Di conseguenza l\u2019interpretazione, esecuzione e risoluzione delle Condizioni Generali di Vendita sono soggette esclusivamente alla legge Italiana.<br>Eventuali controversie inerenti e\/o conseguenti alle stesse dovranno essere risolte in via esclusiva dall\u2019autorit\u00e0 giurisdizionale Italiana. In particolare, qualora l\u2019acquirente rivesta la qualifica di Consumatore, le eventuali controversie dovranno essere risolte dal tribunale del luogo di domicilio o residenza dello stesso in base alla legge applicabile.<\/p>\n","protected":false},"excerpt":{"rendered":"<p>Art. 1 &#8211; Disposizioni generali L\u2019utente navigando in quest\u2019area accede a Bebart, accessibile mediante l\u2019url: https:\/\/bebart.it. La navigazione e la trasmissione di un ordine di acquisto sul sito comportano l\u2019accettazione delle Condizioni e delle Politiche di Protezione dei Dati adottate dal sito stesso ivi indicate.Le presenti Condizioni Generali di Vendita si applicano alla vendita di [&hellip;]<\/p>\n","protected":false},"author":1,"featured_media":0,"parent":0,"menu_order":0,"comment_status":"closed","ping_status":"closed","template":"","meta":[],"_links":{"self":[{"href":"https:\/\/bebart.it\/index.php?rest_route=\/wp\/v2\/pages\/1167"}],"collection":[{"href":"https:\/\/bebart.it\/index.php?rest_route=\/wp\/v2\/pages"}],"about":[{"href":"https:\/\/bebart.it\/index.php?rest_route=\/wp\/v2\/types\/page"}],"author":[{"embeddable":true,"href":"https:\/\/bebart.it\/index.php?rest_route=\/wp\/v2\/users\/1"}],"replies":[{"embeddable":true,"href":"https:\/\/bebart.it\/index.php?rest_route=%2Fwp%2Fv2%2Fcomments&post=1167"}],"version-history":[{"count":8,"href":"https:\/\/bebart.it\/index.php?rest_route=\/wp\/v2\/pages\/1167\/revisions"}],"predecessor-version":[{"id":1355,"href":"https:\/\/bebart.it\/index.php?rest_route=\/wp\/v2\/pages\/1167\/revisions\/1355"}],"wp:attachment":[{"href":"https:\/\/bebart.it\/index.php?rest_route=%2Fwp%2Fv2%2Fmedia&parent=1167"}],"curies":[{"name":"wp","href":"https:\/\/api.w.org\/{rel}","templated":true}]}}