{"id":375,"date":"2022-03-10T16:26:51","date_gmt":"2022-03-10T16:26:51","guid":{"rendered":"https:\/\/bebart.it\/?page_id=375"},"modified":"2022-10-24T22:16:36","modified_gmt":"2022-10-24T22:16:36","slug":"about-us","status":"publish","type":"page","link":"https:\/\/bebart.it\/?page_id=375","title":{"rendered":"chi sono"},"content":{"rendered":"<p>[vc_row][vc_column][vc_column_text]<\/p>\r\n<div class=\"wp-block-themepunch-revslider revslider\" data-modal=\"false\" data-slidertitle=\"Slider FullWidth\">\r\n<p>[\/vc_column_text][\/vc_column][\/vc_row][vc_row][vc_column]\n\t\t\t<!-- START Slider FullWidth REVOLUTION SLIDER 6.5.15 --><p class=\"rs-p-wp-fix\"><\/p>\n\t\t\t<rs-module-wrap id=\"rev_slider_6_1_wrapper\" data-source=\"gallery\" style=\"visibility:hidden;padding:;margin:0px auto;margin-top:0;margin-bottom:0;\">\n\t\t\t\t<rs-module id=\"rev_slider_6_1\" style=\"\" data-version=\"6.5.15\">\n\t\t\t\t\t<rs-slides>\n\t\t\t\t\t\t<rs-slide style=\"position: absolute;\" data-key=\"rs-15\" data-title=\"Slide\" data-in=\"o:0;\" data-out=\"a:false;\">\n\t\t\t\t\t\t\t<img src=\"\/\/bebart.it\/wp-content\/plugins\/revslider\/public\/assets\/assets\/dummy.png\" alt=\"\" title=\"lamiastriatif\" width=\"2560\" height=\"1440\" class=\"rev-slidebg tp-rs-img rs-lazyload\" data-lazyload=\"\/\/bebart.it\/wp-content\/uploads\/2022\/04\/lamiastriatif-scaled.jpg\" data-bg=\"p:0% 20%;\" data-no-retina>\n<!--\n\t\t\t\t\t\t\t--><rs-layer\n\t\t\t\t\t\t\t\tid=\"slider-6-slide-15-layer-0\" \n\t\t\t\t\t\t\t\tdata-type=\"shape\"\n\t\t\t\t\t\t\t\tdata-rsp_ch=\"on\"\n\t\t\t\t\t\t\t\tdata-xy=\"xo:-715px,-590px,-448px,-276px;yo:-42px,-34px,-25px,-15px;\"\n\t\t\t\t\t\t\t\tdata-text=\"w:normal;s:20,16,12,7;l:0,20,15,9;\"\n\t\t\t\t\t\t\t\tdata-dim=\"w:2760px,2279px,1731px,1067px;h:559,461,350,215;\"\n\t\t\t\t\t\t\t\tdata-frame_999=\"o:0;st:w;\"\n\t\t\t\t\t\t\t\tstyle=\"z-index:8;background-color:rgba(0,0,0,0.5);\"\n\t\t\t\t\t\t\t> \n\t\t\t\t\t\t\t<\/rs-layer><!--\n\n\t\t\t\t\t\t\t--><rs-layer\n\t\t\t\t\t\t\t\tid=\"slider-6-slide-15-layer-4\" \n\t\t\t\t\t\t\t\tdata-type=\"text\"\n\t\t\t\t\t\t\t\tdata-rsp_ch=\"on\"\n\t\t\t\t\t\t\t\tdata-xy=\"x:c;y:m;\"\n\t\t\t\t\t\t\t\tdata-text=\"w:normal;s:65,53,40,24;l:25,20,15,9;\"\n\t\t\t\t\t\t\t\tdata-frame_999=\"o:0;st:w;\"\n\t\t\t\t\t\t\t\tstyle=\"z-index:9;font-family:'Arapey';\"\n\t\t\t\t\t\t\t>LA MIA STORIA  \n\t\t\t\t\t\t\t<\/rs-layer><!--\n-->\t\t\t\t\t\t<\/rs-slide>\n\t\t\t\t\t<\/rs-slides>\n\t\t\t\t<\/rs-module>\n\t\t\t\t<script>\n\t\t\t\t\tsetREVStartSize({c: 'rev_slider_6_1',rl:[1240,1024,778,480],el:[500,550,500,400],gw:[1240,1024,778,480],gh:[500,550,500,400],type:'standard',justify:'',layout:'fullwidth',mh:\"500\"});if (window.RS_MODULES!==undefined && window.RS_MODULES.modules!==undefined && window.RS_MODULES.modules[\"revslider61\"]!==undefined) {window.RS_MODULES.modules[\"revslider61\"].once = false;window.revapi6 = undefined;if (window.RS_MODULES.checkMinimal!==undefined) window.RS_MODULES.checkMinimal()}\n\t\t\t\t<\/script>\n\t\t\t<\/rs-module-wrap>\n\t\t\t<!-- END REVOLUTION SLIDER -->\n[\/vc_column][\/vc_row][vc_row][vc_column width=&#8221;2\/3&#8243; css=&#8221;.vc_custom_1648030419417{margin-top: 105px !important;}&#8221;][vc_row_inner][vc_column_inner][vc_column_text]<\/p>\r\n<div style=\"text-align: center;\">Mi chiamo Tatjana, ma da bambina tutti mi chiamavano Beba: prima in famiglia, poi a scuola elementare e nelle medie. Man che crescevo, per\u00f2, questo soprannome mi risultava sempre pi\u00f9 stretto e in qualche modo ho cercato di liberarmene: un&#8217;adolescente non si poteva chiamare \u201cbambola\u201d (questa \u00e8 la traduzione italiana del termine beba)! E cos\u00ec, in occasione di un trasloco (cambio casa, nuovi compagni e amici), me lo sono scrollato di dosso.<\/div>\r\n<div style=\"text-align: center;\">Dopo alcuni decenni, pensando a quale nome dare al mio brand, ho rispolverato quel soprannome, e ne sono felicissima!<\/div>\r\n<p>[\/vc_column_text][\/vc_column_inner][\/vc_row_inner][\/vc_column][vc_column width=&#8221;1\/3&#8243; css=&#8221;.vc_custom_1647529875355{margin-top: 80px !important;}&#8221;][vc_single_image image=&#8221;564&#8243; img_size=&#8221;large&#8221; alignment=&#8221;center&#8221;][\/vc_column][\/vc_row][vc_row][vc_column width=&#8221;1\/3&#8243; css=&#8221;.vc_custom_1647529875355{margin-top: 80px !important;}&#8221;][vc_single_image image=&#8221;575&#8243; img_size=&#8221;medium&#8221; alignment=&#8221;center&#8221;][\/vc_column][vc_column width=&#8221;2\/3&#8243; css=&#8221;.vc_custom_1647532456815{margin-top: 85px !important;}&#8221;][vc_row_inner][vc_column_inner css=&#8221;.vc_custom_1647530515116{margin-top: 39px !important;}&#8221;][vc_column_text]<\/p>\r\n<div style=\"text-align: center;\">Unendo le mie due grandi passioni, giardinaggio e creativit\u00e0, creo diversi oggetti con fiori pressati e secchi. La mia passione per le piante e per i fiori \u00e8 \u201csbocciata&#8221; da una quindicina d&#8217;anni, da quando cio\u00e8, mi sono trasferita in una casa singola con due giardini, uno davanti, denominato &#8220;ALBA&#8221;, esposto a est, e l&#8217;altro dietro, denominato &#8220;TRAMONTO&#8221;, esposto a ovest. Due giardini con 2 tipi di clima diversi, il che mi permette di coltivare diverse specie di piante: quelle che amano i climi caldi e quelle che preferiscono un clima pi\u00f9 mite. Mi affascina molto la bellezza e la delicatezza dei fiori ma ci\u00f2 che pi\u00f9 mi sorprende, in alcuni casi, \u00e8 la loro resistenza. A volte si spaccano molto facilmente, ma, a volte, incredibilmente diventano elastici e resistenti. Ci\u00f2 dipende dal tipo di fiore e solo manegiandoli fra le dita impari a distinguere le specie pi\u00f9 o meno resistenti.<\/div>\r\n<p>[\/vc_column_text][\/vc_column_inner][\/vc_row_inner][\/vc_column][\/vc_row][vc_row][vc_column width=&#8221;2\/3&#8243; css=&#8221;.vc_custom_1647532418257{margin-top: 78px !important;}&#8221;][vc_row_inner][vc_column_inner css=&#8221;.vc_custom_1647530490227{margin-top: 35px !important;}&#8221;][vc_column_text]<\/p>\r\n<div style=\"text-align: center;\">\r\n<div>Stranamente, l\u2019idea di creare oggetti di fiori pressati o essiccati\u00a0 \u00e8 cominciata da dei semplici appendini. A lungo ho pensato come avrei potuto riutilizzare i tantissimi appendini della pulitura che mi si \u00a0accumulavano in casa, e \u00a0una notte, in un momento di ispirazione, mi \u00e8 venuta l&#8217;idea di provare a rivestire questi appendini con della corda decorativa, aggiungendo a ciascun appendino un sacchettino con dei petali essiccati e profumati.<\/div>\r\n<div>Avendo sempre tantissimi petali di fiori del mio giardino (ma non solo, perch\u00e9 i fiori li raccolgo un po&#8217; ovunque), ho comprato un&#8217;essiccatrice e ho cominciato a essiccarli per poi profumarli con l&#8217;essenza di limone. Sapevate che la maggioranza dei fiori, da essiccati, perdono la loro fragranza?<\/div>\r\n<\/div>\r\n<p>[\/vc_column_text][\/vc_column_inner][\/vc_row_inner][\/vc_column][vc_column width=&#8221;1\/3&#8243; css=&#8221;.vc_custom_1647529875355{margin-top: 80px !important;}&#8221;][vc_row_inner][vc_column_inner][\/vc_column_inner][\/vc_row_inner][vc_single_image image=&#8221;549&#8243; img_size=&#8221;medium&#8221; alignment=&#8221;center&#8221;][\/vc_column][\/vc_row][vc_row][vc_column width=&#8221;1\/3&#8243; css=&#8221;.vc_custom_1648541588345{margin-top: 80px !important;}&#8221;][vc_single_image image=&#8221;599&#8243; img_size=&#8221;250&#215;350&#8243; alignment=&#8221;center&#8221;][\/vc_column][vc_column width=&#8221;2\/3&#8243; css=&#8221;.vc_custom_1648541632882{margin-top: 161px !important;}&#8221;][vc_row_inner][vc_column_inner][vc_column_text]<\/p>\r\n<div style=\"text-align: center;\">\r\n<div>Da quel giorno non mi sono pi\u00f9 fermata; tante notti sono passate e quindi, tante idee sono venute alla luce. Attualmente sono concentrata sulle creazioni delle Lampade, Portacandele e Quadri<\/div>\r\n<div>utilizzando fiori pressati e carta di riso.<\/div>\r\n<\/div>\r\n<p>[\/vc_column_text][\/vc_column_inner][\/vc_row_inner][\/vc_column][\/vc_row][vc_row][vc_column css=&#8221;.vc_custom_1647532604016{margin-top: 50px !important;}&#8221;][vc_empty_space][vc_row_inner][vc_column_inner][vc_column_text]<\/p>\r\n<div style=\"text-align: center;\">\r\n<blockquote>\r\n<h3>Il mio \u00e8 un tentativo di far vivere le bellezze naturali in un&#8217;opera d&#8217;arte! Fissare la loro bellezza, come un bambino che non li supera di molto in altezza.<\/h3>\r\n<\/blockquote>\r\n<\/div>\r\n<p>[\/vc_column_text][\/vc_column_inner][\/vc_row_inner][\/vc_column][\/vc_row][vc_row][vc_column][vc_column_text]<\/p>\r\n<\/div>\r\n<p>[\/vc_column_text][\/vc_column][\/vc_row]<\/p>","protected":false},"excerpt":{"rendered":"<p>[vc_row][vc_column][vc_column_text]<\/p>\n","protected":false},"author":1,"featured_media":0,"parent":0,"menu_order":0,"comment_status":"closed","ping_status":"closed","template":"template-onepage.php","meta":[],"_links":{"self":[{"href":"https:\/\/bebart.it\/index.php?rest_route=\/wp\/v2\/pages\/375"}],"collection":[{"href":"https:\/\/bebart.it\/index.php?rest_route=\/wp\/v2\/pages"}],"about":[{"href":"https:\/\/bebart.it\/index.php?rest_route=\/wp\/v2\/types\/page"}],"author":[{"embeddable":true,"href":"https:\/\/bebart.it\/index.php?rest_route=\/wp\/v2\/users\/1"}],"replies":[{"embeddable":true,"href":"https:\/\/bebart.it\/index.php?rest_route=%2Fwp%2Fv2%2Fcomments&post=375"}],"version-history":[{"count":56,"href":"https:\/\/bebart.it\/index.php?rest_route=\/wp\/v2\/pages\/375\/revisions"}],"predecessor-version":[{"id":1467,"href":"https:\/\/bebart.it\/index.php?rest_route=\/wp\/v2\/pages\/375\/revisions\/1467"}],"wp:attachment":[{"href":"https:\/\/bebart.it\/index.php?rest_route=%2Fwp%2Fv2%2Fmedia&parent=375"}],"curies":[{"name":"wp","href":"https:\/\/api.w.org\/{rel}","templated":true}]}}