{"id":1408,"date":"2022-10-12T22:03:10","date_gmt":"2022-10-12T22:03:10","guid":{"rendered":"https:\/\/bebart.it\/?post_type=product&#038;p=1408"},"modified":"2022-10-16T21:54:44","modified_gmt":"2022-10-16T21:54:44","slug":"portacandele-mimosa","status":"publish","type":"product","link":"https:\/\/bebart.it\/?product=portacandele-mimosa","title":{"rendered":"PORTACANDELE &#8220;MIMOSA&#8221;"},"content":{"rendered":"<p><img loading=\"lazy\" class=\"alignnone size-medium wp-image-1407\" src=\"http:\/\/bebart.it\/wp-content\/uploads\/2022\/10\/DSC_8496-169x300.jpg\" alt=\"\" width=\"169\" height=\"300\" srcset=\"https:\/\/bebart.it\/wp-content\/uploads\/2022\/10\/DSC_8496-169x300.jpg 169w, https:\/\/bebart.it\/wp-content\/uploads\/2022\/10\/DSC_8496-576x1024.jpg 576w, https:\/\/bebart.it\/wp-content\/uploads\/2022\/10\/DSC_8496-768x1365.jpg 768w, https:\/\/bebart.it\/wp-content\/uploads\/2022\/10\/DSC_8496-864x1536.jpg 864w, https:\/\/bebart.it\/wp-content\/uploads\/2022\/10\/DSC_8496-1152x2048.jpg 1152w, https:\/\/bebart.it\/wp-content\/uploads\/2022\/10\/DSC_8496-550x978.jpg 550w, https:\/\/bebart.it\/wp-content\/uploads\/2022\/10\/DSC_8496-scaled.jpg 1440w\" sizes=\"(max-width: 169px) 100vw, 169px\" \/><img loading=\"lazy\" class=\"alignnone size-medium wp-image-1406\" src=\"http:\/\/bebart.it\/wp-content\/uploads\/2022\/10\/DSC_8493-169x300.jpg\" alt=\"\" width=\"169\" height=\"300\" srcset=\"https:\/\/bebart.it\/wp-content\/uploads\/2022\/10\/DSC_8493-169x300.jpg 169w, https:\/\/bebart.it\/wp-content\/uploads\/2022\/10\/DSC_8493-576x1024.jpg 576w, https:\/\/bebart.it\/wp-content\/uploads\/2022\/10\/DSC_8493-768x1365.jpg 768w, https:\/\/bebart.it\/wp-content\/uploads\/2022\/10\/DSC_8493-864x1536.jpg 864w, https:\/\/bebart.it\/wp-content\/uploads\/2022\/10\/DSC_8493-1152x2048.jpg 1152w, https:\/\/bebart.it\/wp-content\/uploads\/2022\/10\/DSC_8493-550x978.jpg 550w, https:\/\/bebart.it\/wp-content\/uploads\/2022\/10\/DSC_8493-scaled.jpg 1440w\" sizes=\"(max-width: 169px) 100vw, 169px\" \/><img loading=\"lazy\" class=\"alignnone size-medium wp-image-1402\" src=\"http:\/\/bebart.it\/wp-content\/uploads\/2022\/10\/DSC_8481-169x300.jpg\" alt=\"\" width=\"169\" height=\"300\" srcset=\"https:\/\/bebart.it\/wp-content\/uploads\/2022\/10\/DSC_8481-169x300.jpg 169w, https:\/\/bebart.it\/wp-content\/uploads\/2022\/10\/DSC_8481-576x1024.jpg 576w, https:\/\/bebart.it\/wp-content\/uploads\/2022\/10\/DSC_8481-768x1365.jpg 768w, https:\/\/bebart.it\/wp-content\/uploads\/2022\/10\/DSC_8481-864x1536.jpg 864w, https:\/\/bebart.it\/wp-content\/uploads\/2022\/10\/DSC_8481-1152x2048.jpg 1152w, https:\/\/bebart.it\/wp-content\/uploads\/2022\/10\/DSC_8481-550x978.jpg 550w, https:\/\/bebart.it\/wp-content\/uploads\/2022\/10\/DSC_8481-scaled.jpg 1440w\" sizes=\"(max-width: 169px) 100vw, 169px\" \/><img loading=\"lazy\" class=\"alignnone size-medium wp-image-1401\" src=\"http:\/\/bebart.it\/wp-content\/uploads\/2022\/10\/DSC_8480-1-169x300.jpg\" alt=\"\" width=\"169\" height=\"300\" srcset=\"https:\/\/bebart.it\/wp-content\/uploads\/2022\/10\/DSC_8480-1-169x300.jpg 169w, https:\/\/bebart.it\/wp-content\/uploads\/2022\/10\/DSC_8480-1-576x1024.jpg 576w, https:\/\/bebart.it\/wp-content\/uploads\/2022\/10\/DSC_8480-1-768x1365.jpg 768w, https:\/\/bebart.it\/wp-content\/uploads\/2022\/10\/DSC_8480-1-864x1536.jpg 864w, https:\/\/bebart.it\/wp-content\/uploads\/2022\/10\/DSC_8480-1-1152x2048.jpg 1152w, https:\/\/bebart.it\/wp-content\/uploads\/2022\/10\/DSC_8480-1-550x978.jpg 550w, https:\/\/bebart.it\/wp-content\/uploads\/2022\/10\/DSC_8480-1-scaled.jpg 1440w\" sizes=\"(max-width: 169px) 100vw, 169px\" \/><img loading=\"lazy\" class=\"alignnone size-medium wp-image-1405\" src=\"http:\/\/bebart.it\/wp-content\/uploads\/2022\/10\/DSC_8486-169x300.jpg\" alt=\"\" width=\"169\" height=\"300\" srcset=\"https:\/\/bebart.it\/wp-content\/uploads\/2022\/10\/DSC_8486-169x300.jpg 169w, https:\/\/bebart.it\/wp-content\/uploads\/2022\/10\/DSC_8486-576x1024.jpg 576w, https:\/\/bebart.it\/wp-content\/uploads\/2022\/10\/DSC_8486-768x1365.jpg 768w, https:\/\/bebart.it\/wp-content\/uploads\/2022\/10\/DSC_8486-864x1536.jpg 864w, https:\/\/bebart.it\/wp-content\/uploads\/2022\/10\/DSC_8486-1152x2048.jpg 1152w, https:\/\/bebart.it\/wp-content\/uploads\/2022\/10\/DSC_8486-550x978.jpg 550w, https:\/\/bebart.it\/wp-content\/uploads\/2022\/10\/DSC_8486-scaled.jpg 1440w\" sizes=\"(max-width: 169px) 100vw, 169px\" \/><\/p>\n","protected":false},"excerpt":{"rendered":"<p>I miei Portacandele vengono realizzati utilizzando i fiori del mio giardino, ma non solo. Per questo Portacandele &#8220;MIMOSA&#8221; ho utilizzato i fiori di Mimose, Dimorfoteca, Margherite. A volte i fiori li raccolgo nei posti in cui mi trovo e cerco di riportarli integri a casa, per dopo sottoporrli a un lungo processo di pressatura. I fiori, una volta pressati, vengono incollati uno per uno sul vetro e coperti con la delicata carta di riso. E&#8217; inclusa una candelina profumata!<br \/>\nI Portacandele si illuminano dall&#8217;interno e riflettono la luce per rendere il tuo salotto pi\u00f9 accogliente, la tua camera da letto pi\u00f9 romantica o il tuo negozio pi\u00f9 interessante.<br \/>\nSiccome questo Portacandele \u00e8 bello anche dall&#8217;interno, perch\u00e8 i fiori si vedono in modo chiaro e limpido, lo si pu\u00f2 utilizzare anche come portaoggetti.<br \/>\nTutte le mie creazioni sono pezzi unici! Un regalo decisamente originale!<br \/>\nIl peso: 1120 grammi &#8211; Diametro 12.5 cm, altezza 11.5 cm<\/p>\n","protected":false},"featured_media":1407,"comment_status":"open","ping_status":"closed","template":"","meta":[],"product_cat":[34],"product_tag":[],"_links":{"self":[{"href":"https:\/\/bebart.it\/index.php?rest_route=\/wp\/v2\/product\/1408"}],"collection":[{"href":"https:\/\/bebart.it\/index.php?rest_route=\/wp\/v2\/product"}],"about":[{"href":"https:\/\/bebart.it\/index.php?rest_route=\/wp\/v2\/types\/product"}],"replies":[{"embeddable":true,"href":"https:\/\/bebart.it\/index.php?rest_route=%2Fwp%2Fv2%2Fcomments&post=1408"}],"wp:featuredmedia":[{"embeddable":true,"href":"https:\/\/bebart.it\/index.php?rest_route=\/wp\/v2\/media\/1407"}],"wp:attachment":[{"href":"https:\/\/bebart.it\/index.php?rest_route=%2Fwp%2Fv2%2Fmedia&parent=1408"}],"wp:term":[{"taxonomy":"product_cat","embeddable":true,"href":"https:\/\/bebart.it\/index.php?rest_route=%2Fwp%2Fv2%2Fproduct_cat&post=1408"},{"taxonomy":"product_tag","embeddable":true,"href":"https:\/\/bebart.it\/index.php?rest_route=%2Fwp%2Fv2%2Fproduct_tag&post=1408"}],"curies":[{"name":"wp","href":"https:\/\/api.w.org\/{rel}","templated":true}]}}