{"id":1418,"date":"2022-10-16T22:03:25","date_gmt":"2022-10-16T22:03:25","guid":{"rendered":"https:\/\/bebart.it\/?post_type=product&#038;p=1418"},"modified":"2022-10-16T22:03:25","modified_gmt":"2022-10-16T22:03:25","slug":"portacandele-geranium","status":"publish","type":"product","link":"https:\/\/bebart.it\/?product=portacandele-geranium","title":{"rendered":"PORTACANDELE &#8220;GERANIUM&#8221;"},"content":{"rendered":"<p><img loading=\"lazy\" class=\"alignnone size-medium wp-image-1413\" src=\"http:\/\/bebart.it\/wp-content\/uploads\/2022\/10\/20220304_122705-200x300.jpg\" alt=\"\" width=\"200\" height=\"300\" srcset=\"https:\/\/bebart.it\/wp-content\/uploads\/2022\/10\/20220304_122705-200x300.jpg 200w, https:\/\/bebart.it\/wp-content\/uploads\/2022\/10\/20220304_122705-681x1024.jpg 681w, https:\/\/bebart.it\/wp-content\/uploads\/2022\/10\/20220304_122705-768x1155.jpg 768w, https:\/\/bebart.it\/wp-content\/uploads\/2022\/10\/20220304_122705-1022x1536.jpg 1022w, https:\/\/bebart.it\/wp-content\/uploads\/2022\/10\/20220304_122705-1362x2048.jpg 1362w, https:\/\/bebart.it\/wp-content\/uploads\/2022\/10\/20220304_122705-550x827.jpg 550w, https:\/\/bebart.it\/wp-content\/uploads\/2022\/10\/20220304_122705-scaled.jpg 1703w\" sizes=\"(max-width: 200px) 100vw, 200px\" \/><img loading=\"lazy\" class=\"alignnone size-medium wp-image-1415\" src=\"http:\/\/bebart.it\/wp-content\/uploads\/2022\/10\/DSC_8120-169x300.jpg\" alt=\"\" width=\"169\" height=\"300\" srcset=\"https:\/\/bebart.it\/wp-content\/uploads\/2022\/10\/DSC_8120-169x300.jpg 169w, https:\/\/bebart.it\/wp-content\/uploads\/2022\/10\/DSC_8120-576x1024.jpg 576w, https:\/\/bebart.it\/wp-content\/uploads\/2022\/10\/DSC_8120-768x1365.jpg 768w, https:\/\/bebart.it\/wp-content\/uploads\/2022\/10\/DSC_8120-864x1536.jpg 864w, https:\/\/bebart.it\/wp-content\/uploads\/2022\/10\/DSC_8120-1152x2048.jpg 1152w, https:\/\/bebart.it\/wp-content\/uploads\/2022\/10\/DSC_8120-550x978.jpg 550w, https:\/\/bebart.it\/wp-content\/uploads\/2022\/10\/DSC_8120-scaled.jpg 1440w\" sizes=\"(max-width: 169px) 100vw, 169px\" \/><img loading=\"lazy\" class=\"alignnone size-medium wp-image-1414\" src=\"http:\/\/bebart.it\/wp-content\/uploads\/2022\/10\/20220304_123110-169x300.jpg\" alt=\"\" width=\"169\" height=\"300\" srcset=\"https:\/\/bebart.it\/wp-content\/uploads\/2022\/10\/20220304_123110-169x300.jpg 169w, https:\/\/bebart.it\/wp-content\/uploads\/2022\/10\/20220304_123110-576x1024.jpg 576w, https:\/\/bebart.it\/wp-content\/uploads\/2022\/10\/20220304_123110-768x1365.jpg 768w, https:\/\/bebart.it\/wp-content\/uploads\/2022\/10\/20220304_123110-864x1536.jpg 864w, https:\/\/bebart.it\/wp-content\/uploads\/2022\/10\/20220304_123110-1152x2048.jpg 1152w, https:\/\/bebart.it\/wp-content\/uploads\/2022\/10\/20220304_123110-550x978.jpg 550w, https:\/\/bebart.it\/wp-content\/uploads\/2022\/10\/20220304_123110-scaled.jpg 1440w\" sizes=\"(max-width: 169px) 100vw, 169px\" \/><\/p>\n","protected":false},"excerpt":{"rendered":"<p>I miei portacandele vengono realizzati utilizzando i fiori del mio giardino, ma non solo. Per questo Portacandele &#8220;GERANIUM&#8221; ho utilizzato le foglie di Geranium ed i fiori di Bellis. I fiori, una volta pressati, vengono incollati uno per uno sul vetro e coperti con la delicata carta di riso. E&#8217; inclusa una candelina profumata!<br \/>\nI Portacandele si illuminano dal&#8217;interno e riflettono la luce per rendere il tuo salotto pi\u00f9 accogliente, la tua camera da letto pi\u00f9 romantica o il tuo negozio pi\u00f9 interessante. Questo oggetto si pu\u00f2 utilizzare anche come portaoggetti piccoli.<br \/>\nTutte le mie creazione sono pezzi unici!<br \/>\nUn regalo decisamente originale!<br \/>\nIl peso : 270 grammi<\/p>\n<p>Dimensioni: 7,5 x 7,5 x 4 cm<\/p>\n","protected":false},"featured_media":1413,"comment_status":"open","ping_status":"closed","template":"","meta":[],"product_cat":[34],"product_tag":[],"_links":{"self":[{"href":"https:\/\/bebart.it\/index.php?rest_route=\/wp\/v2\/product\/1418"}],"collection":[{"href":"https:\/\/bebart.it\/index.php?rest_route=\/wp\/v2\/product"}],"about":[{"href":"https:\/\/bebart.it\/index.php?rest_route=\/wp\/v2\/types\/product"}],"replies":[{"embeddable":true,"href":"https:\/\/bebart.it\/index.php?rest_route=%2Fwp%2Fv2%2Fcomments&post=1418"}],"wp:featuredmedia":[{"embeddable":true,"href":"https:\/\/bebart.it\/index.php?rest_route=\/wp\/v2\/media\/1413"}],"wp:attachment":[{"href":"https:\/\/bebart.it\/index.php?rest_route=%2Fwp%2Fv2%2Fmedia&parent=1418"}],"wp:term":[{"taxonomy":"product_cat","embeddable":true,"href":"https:\/\/bebart.it\/index.php?rest_route=%2Fwp%2Fv2%2Fproduct_cat&post=1418"},{"taxonomy":"product_tag","embeddable":true,"href":"https:\/\/bebart.it\/index.php?rest_route=%2Fwp%2Fv2%2Fproduct_tag&post=1418"}],"curies":[{"name":"wp","href":"https:\/\/api.w.org\/{rel}","templated":true}]}}