{"id":1423,"date":"2022-10-16T22:18:32","date_gmt":"2022-10-16T22:18:32","guid":{"rendered":"https:\/\/bebart.it\/?post_type=product&#038;p=1423"},"modified":"2022-10-16T22:18:32","modified_gmt":"2022-10-16T22:18:32","slug":"portacandele-lipari","status":"publish","type":"product","link":"https:\/\/bebart.it\/?product=portacandele-lipari","title":{"rendered":"PORTACANDELE &#8220;LIPARI&#8221;"},"content":{"rendered":"<p><img loading=\"lazy\" class=\"alignnone size-medium wp-image-1424\" src=\"http:\/\/bebart.it\/wp-content\/uploads\/2022\/10\/DSC_0294-169x300.jpg\" alt=\"\" width=\"169\" height=\"300\" srcset=\"https:\/\/bebart.it\/wp-content\/uploads\/2022\/10\/DSC_0294-169x300.jpg 169w, https:\/\/bebart.it\/wp-content\/uploads\/2022\/10\/DSC_0294-576x1024.jpg 576w, https:\/\/bebart.it\/wp-content\/uploads\/2022\/10\/DSC_0294-768x1365.jpg 768w, https:\/\/bebart.it\/wp-content\/uploads\/2022\/10\/DSC_0294-864x1536.jpg 864w, https:\/\/bebart.it\/wp-content\/uploads\/2022\/10\/DSC_0294-1152x2048.jpg 1152w, https:\/\/bebart.it\/wp-content\/uploads\/2022\/10\/DSC_0294-550x978.jpg 550w, https:\/\/bebart.it\/wp-content\/uploads\/2022\/10\/DSC_0294-scaled.jpg 1440w\" sizes=\"(max-width: 169px) 100vw, 169px\" \/><img loading=\"lazy\" class=\"alignnone size-medium wp-image-1421\" src=\"http:\/\/bebart.it\/wp-content\/uploads\/2022\/10\/20211124_112647-245x300.jpg\" alt=\"\" width=\"245\" height=\"300\" srcset=\"https:\/\/bebart.it\/wp-content\/uploads\/2022\/10\/20211124_112647-245x300.jpg 245w, https:\/\/bebart.it\/wp-content\/uploads\/2022\/10\/20211124_112647-838x1024.jpg 838w, https:\/\/bebart.it\/wp-content\/uploads\/2022\/10\/20211124_112647-768x939.jpg 768w, https:\/\/bebart.it\/wp-content\/uploads\/2022\/10\/20211124_112647-1256x1536.jpg 1256w, https:\/\/bebart.it\/wp-content\/uploads\/2022\/10\/20211124_112647-1675x2048.jpg 1675w, https:\/\/bebart.it\/wp-content\/uploads\/2022\/10\/20211124_112647-550x672.jpg 550w\" sizes=\"(max-width: 245px) 100vw, 245px\" \/><img loading=\"lazy\" class=\"alignnone size-medium wp-image-1422\" src=\"http:\/\/bebart.it\/wp-content\/uploads\/2022\/10\/20211124_112745-194x300.jpg\" alt=\"\" width=\"194\" height=\"300\" srcset=\"https:\/\/bebart.it\/wp-content\/uploads\/2022\/10\/20211124_112745-194x300.jpg 194w, https:\/\/bebart.it\/wp-content\/uploads\/2022\/10\/20211124_112745-663x1024.jpg 663w, https:\/\/bebart.it\/wp-content\/uploads\/2022\/10\/20211124_112745-768x1187.jpg 768w, https:\/\/bebart.it\/wp-content\/uploads\/2022\/10\/20211124_112745-994x1536.jpg 994w, https:\/\/bebart.it\/wp-content\/uploads\/2022\/10\/20211124_112745-1325x2048.jpg 1325w, https:\/\/bebart.it\/wp-content\/uploads\/2022\/10\/20211124_112745-550x850.jpg 550w, https:\/\/bebart.it\/wp-content\/uploads\/2022\/10\/20211124_112745-scaled.jpg 1657w\" sizes=\"(max-width: 194px) 100vw, 194px\" \/><img loading=\"lazy\" class=\"alignnone size-medium wp-image-1425\" src=\"http:\/\/bebart.it\/wp-content\/uploads\/2022\/10\/DSC_0296-169x300.jpg\" alt=\"\" width=\"169\" height=\"300\" srcset=\"https:\/\/bebart.it\/wp-content\/uploads\/2022\/10\/DSC_0296-169x300.jpg 169w, https:\/\/bebart.it\/wp-content\/uploads\/2022\/10\/DSC_0296-576x1024.jpg 576w, https:\/\/bebart.it\/wp-content\/uploads\/2022\/10\/DSC_0296-768x1365.jpg 768w, https:\/\/bebart.it\/wp-content\/uploads\/2022\/10\/DSC_0296-864x1536.jpg 864w, https:\/\/bebart.it\/wp-content\/uploads\/2022\/10\/DSC_0296-1152x2048.jpg 1152w, https:\/\/bebart.it\/wp-content\/uploads\/2022\/10\/DSC_0296-550x978.jpg 550w, https:\/\/bebart.it\/wp-content\/uploads\/2022\/10\/DSC_0296-scaled.jpg 1440w\" sizes=\"(max-width: 169px) 100vw, 169px\" \/><\/p>\n","protected":false},"excerpt":{"rendered":"<p>I miei Portacandele vengono realizzati utilizzando i fiori del mio giardino, e non solo. In questo caso si tratta di fiori di Bouganville, Alghe marine, Muscari e Salvia ornamentale. A volte i fiori li raccolgo nei posti in cui mi trovo e cerco di riportarli integri a casa, per dopo sottoporrli a un lungo processo di pressatura. I fiori, una volta essiccati, vengono incollati uno per uno sul vetro. Una volta asciugati vengono coperti con la delicata carta di riso. E&#8217; inclusa una candelina profumata.<br \/>\nI Portacandele si illuminano dall&#8217;interno e riflettono la luce per rendere il tuo salotto pi\u00f9 accogliente, la tua camera da letto pi\u00f9 romantica o il tuo negozio pi\u00f9 interessante.<br \/>\nSiccome questo Portacandele \u00e8 bello anche dall&#8217;interno, perch\u00e8 i fiori si vedono in modo chiaro e limpido, lo si pu\u00f2 utilizzare anche come soprammobile o cenrotavola.<br \/>\nTutte le mie creazioni sono pezzi unici! Un regalo decisamente originale!<\/p>\n<p>Dimensioni: 10 x 10 x 10 cm<\/p>\n","protected":false},"featured_media":1424,"comment_status":"open","ping_status":"closed","template":"","meta":[],"product_cat":[34],"product_tag":[],"_links":{"self":[{"href":"https:\/\/bebart.it\/index.php?rest_route=\/wp\/v2\/product\/1423"}],"collection":[{"href":"https:\/\/bebart.it\/index.php?rest_route=\/wp\/v2\/product"}],"about":[{"href":"https:\/\/bebart.it\/index.php?rest_route=\/wp\/v2\/types\/product"}],"replies":[{"embeddable":true,"href":"https:\/\/bebart.it\/index.php?rest_route=%2Fwp%2Fv2%2Fcomments&post=1423"}],"wp:featuredmedia":[{"embeddable":true,"href":"https:\/\/bebart.it\/index.php?rest_route=\/wp\/v2\/media\/1424"}],"wp:attachment":[{"href":"https:\/\/bebart.it\/index.php?rest_route=%2Fwp%2Fv2%2Fmedia&parent=1423"}],"wp:term":[{"taxonomy":"product_cat","embeddable":true,"href":"https:\/\/bebart.it\/index.php?rest_route=%2Fwp%2Fv2%2Fproduct_cat&post=1423"},{"taxonomy":"product_tag","embeddable":true,"href":"https:\/\/bebart.it\/index.php?rest_route=%2Fwp%2Fv2%2Fproduct_tag&post=1423"}],"curies":[{"name":"wp","href":"https:\/\/api.w.org\/{rel}","templated":true}]}}