{"id":1449,"date":"2022-10-22T21:04:21","date_gmt":"2022-10-22T21:04:21","guid":{"rendered":"https:\/\/bebart.it\/?post_type=product&#038;p=1449"},"modified":"2022-10-22T21:04:21","modified_gmt":"2022-10-22T21:04:21","slug":"quadro-di-fiori-pressati-haiti","status":"publish","type":"product","link":"https:\/\/bebart.it\/?product=quadro-di-fiori-pressati-haiti","title":{"rendered":"QUADRO di fiori pressati &#8220;HAITI&#8221;"},"content":{"rendered":"<p><img loading=\"lazy\" class=\"alignnone size-medium wp-image-1450\" src=\"http:\/\/bebart.it\/wp-content\/uploads\/2022\/10\/DSC_6435-169x300.jpg\" alt=\"\" width=\"169\" height=\"300\" srcset=\"https:\/\/bebart.it\/wp-content\/uploads\/2022\/10\/DSC_6435-169x300.jpg 169w, https:\/\/bebart.it\/wp-content\/uploads\/2022\/10\/DSC_6435-576x1024.jpg 576w, https:\/\/bebart.it\/wp-content\/uploads\/2022\/10\/DSC_6435-768x1365.jpg 768w, https:\/\/bebart.it\/wp-content\/uploads\/2022\/10\/DSC_6435-864x1536.jpg 864w, https:\/\/bebart.it\/wp-content\/uploads\/2022\/10\/DSC_6435-1152x2048.jpg 1152w, https:\/\/bebart.it\/wp-content\/uploads\/2022\/10\/DSC_6435-550x978.jpg 550w, https:\/\/bebart.it\/wp-content\/uploads\/2022\/10\/DSC_6435-scaled.jpg 1440w\" sizes=\"(max-width: 169px) 100vw, 169px\" \/><img loading=\"lazy\" class=\"alignnone size-medium wp-image-1451\" src=\"http:\/\/bebart.it\/wp-content\/uploads\/2022\/10\/DSC_6439-169x300.jpg\" alt=\"\" width=\"169\" height=\"300\" srcset=\"https:\/\/bebart.it\/wp-content\/uploads\/2022\/10\/DSC_6439-169x300.jpg 169w, https:\/\/bebart.it\/wp-content\/uploads\/2022\/10\/DSC_6439-576x1024.jpg 576w, https:\/\/bebart.it\/wp-content\/uploads\/2022\/10\/DSC_6439-768x1365.jpg 768w, https:\/\/bebart.it\/wp-content\/uploads\/2022\/10\/DSC_6439-864x1536.jpg 864w, https:\/\/bebart.it\/wp-content\/uploads\/2022\/10\/DSC_6439-1152x2048.jpg 1152w, https:\/\/bebart.it\/wp-content\/uploads\/2022\/10\/DSC_6439-550x978.jpg 550w, https:\/\/bebart.it\/wp-content\/uploads\/2022\/10\/DSC_6439-scaled.jpg 1440w\" sizes=\"(max-width: 169px) 100vw, 169px\" \/><img loading=\"lazy\" class=\"alignnone size-medium wp-image-1452\" src=\"http:\/\/bebart.it\/wp-content\/uploads\/2022\/10\/DSC_6444-169x300.jpg\" alt=\"\" width=\"169\" height=\"300\" srcset=\"https:\/\/bebart.it\/wp-content\/uploads\/2022\/10\/DSC_6444-169x300.jpg 169w, https:\/\/bebart.it\/wp-content\/uploads\/2022\/10\/DSC_6444-576x1024.jpg 576w, https:\/\/bebart.it\/wp-content\/uploads\/2022\/10\/DSC_6444-768x1365.jpg 768w, https:\/\/bebart.it\/wp-content\/uploads\/2022\/10\/DSC_6444-864x1536.jpg 864w, https:\/\/bebart.it\/wp-content\/uploads\/2022\/10\/DSC_6444-1152x2048.jpg 1152w, https:\/\/bebart.it\/wp-content\/uploads\/2022\/10\/DSC_6444-550x978.jpg 550w, https:\/\/bebart.it\/wp-content\/uploads\/2022\/10\/DSC_6444-scaled.jpg 1440w\" sizes=\"(max-width: 169px) 100vw, 169px\" \/><\/p>\n","protected":false},"excerpt":{"rendered":"<p>Quadro &#8220;HAITI&#8221;, con fiori pressati nel mio erbario, di Kerria, Viola, Carota selvatica, e due foglie di Acero giapponese. Per arricchire e rendere il quadro ancora pi\u00f9 interessante \u00e8 stato aggiunto un inserto di carta di riso con disegnate le note musicali. Il tutto \u00e8 stato posato sul vetro per far risaltare ancora di pi\u00f9 la bellezza dei fiori e foglie, incorniciati da un&#8217;elegante cornice di metallo nero.<br \/>\nPu\u00f2 essere una simpatica e originale idea regalo!<\/p>\n<p>Dimensioni: 15,5 x 20,5 cm<\/p>\n","protected":false},"featured_media":1450,"comment_status":"open","ping_status":"closed","template":"","meta":[],"product_cat":[23],"product_tag":[],"_links":{"self":[{"href":"https:\/\/bebart.it\/index.php?rest_route=\/wp\/v2\/product\/1449"}],"collection":[{"href":"https:\/\/bebart.it\/index.php?rest_route=\/wp\/v2\/product"}],"about":[{"href":"https:\/\/bebart.it\/index.php?rest_route=\/wp\/v2\/types\/product"}],"replies":[{"embeddable":true,"href":"https:\/\/bebart.it\/index.php?rest_route=%2Fwp%2Fv2%2Fcomments&post=1449"}],"wp:featuredmedia":[{"embeddable":true,"href":"https:\/\/bebart.it\/index.php?rest_route=\/wp\/v2\/media\/1450"}],"wp:attachment":[{"href":"https:\/\/bebart.it\/index.php?rest_route=%2Fwp%2Fv2%2Fmedia&parent=1449"}],"wp:term":[{"taxonomy":"product_cat","embeddable":true,"href":"https:\/\/bebart.it\/index.php?rest_route=%2Fwp%2Fv2%2Fproduct_cat&post=1449"},{"taxonomy":"product_tag","embeddable":true,"href":"https:\/\/bebart.it\/index.php?rest_route=%2Fwp%2Fv2%2Fproduct_tag&post=1449"}],"curies":[{"name":"wp","href":"https:\/\/api.w.org\/{rel}","templated":true}]}}