{"id":1530,"date":"2022-11-12T16:58:23","date_gmt":"2022-11-12T16:58:23","guid":{"rendered":"https:\/\/bebart.it\/?post_type=product&#038;p=1530"},"modified":"2025-11-14T05:53:36","modified_gmt":"2025-11-14T05:53:36","slug":"portacandele-elleboro","status":"publish","type":"product","link":"https:\/\/bebart.it\/?product=portacandele-elleboro","title":{"rendered":"PORTACANDELE &#8220;ELLEBORO&#8221;"},"content":{"rendered":"<p><img loading=\"lazy\" class=\"alignnone size-medium wp-image-1526\" src=\"http:\/\/bebart.it\/wp-content\/uploads\/2022\/11\/DSC_0795-169x300.jpg\" alt=\"\" width=\"169\" height=\"300\" srcset=\"https:\/\/bebart.it\/wp-content\/uploads\/2022\/11\/DSC_0795-169x300.jpg 169w, https:\/\/bebart.it\/wp-content\/uploads\/2022\/11\/DSC_0795-576x1024.jpg 576w, https:\/\/bebart.it\/wp-content\/uploads\/2022\/11\/DSC_0795-768x1365.jpg 768w, https:\/\/bebart.it\/wp-content\/uploads\/2022\/11\/DSC_0795-864x1536.jpg 864w, https:\/\/bebart.it\/wp-content\/uploads\/2022\/11\/DSC_0795-1152x2048.jpg 1152w, https:\/\/bebart.it\/wp-content\/uploads\/2022\/11\/DSC_0795-550x978.jpg 550w, https:\/\/bebart.it\/wp-content\/uploads\/2022\/11\/DSC_0795-scaled.jpg 1440w\" sizes=\"(max-width: 169px) 100vw, 169px\" \/><img loading=\"lazy\" class=\"alignnone size-medium wp-image-1527\" src=\"http:\/\/bebart.it\/wp-content\/uploads\/2022\/11\/DSC_0799-169x300.jpg\" alt=\"\" width=\"169\" height=\"300\" srcset=\"https:\/\/bebart.it\/wp-content\/uploads\/2022\/11\/DSC_0799-169x300.jpg 169w, https:\/\/bebart.it\/wp-content\/uploads\/2022\/11\/DSC_0799-576x1024.jpg 576w, https:\/\/bebart.it\/wp-content\/uploads\/2022\/11\/DSC_0799-768x1365.jpg 768w, https:\/\/bebart.it\/wp-content\/uploads\/2022\/11\/DSC_0799-864x1536.jpg 864w, https:\/\/bebart.it\/wp-content\/uploads\/2022\/11\/DSC_0799-1152x2048.jpg 1152w, https:\/\/bebart.it\/wp-content\/uploads\/2022\/11\/DSC_0799-550x978.jpg 550w, https:\/\/bebart.it\/wp-content\/uploads\/2022\/11\/DSC_0799-scaled.jpg 1440w\" sizes=\"(max-width: 169px) 100vw, 169px\" \/><img loading=\"lazy\" class=\"alignnone size-medium wp-image-1529\" src=\"http:\/\/bebart.it\/wp-content\/uploads\/2022\/11\/DSC_0801-169x300.jpg\" alt=\"\" width=\"169\" height=\"300\" srcset=\"https:\/\/bebart.it\/wp-content\/uploads\/2022\/11\/DSC_0801-169x300.jpg 169w, https:\/\/bebart.it\/wp-content\/uploads\/2022\/11\/DSC_0801-576x1024.jpg 576w, https:\/\/bebart.it\/wp-content\/uploads\/2022\/11\/DSC_0801-768x1365.jpg 768w, https:\/\/bebart.it\/wp-content\/uploads\/2022\/11\/DSC_0801-864x1536.jpg 864w, https:\/\/bebart.it\/wp-content\/uploads\/2022\/11\/DSC_0801-1152x2048.jpg 1152w, https:\/\/bebart.it\/wp-content\/uploads\/2022\/11\/DSC_0801-550x978.jpg 550w, https:\/\/bebart.it\/wp-content\/uploads\/2022\/11\/DSC_0801-scaled.jpg 1440w\" sizes=\"(max-width: 169px) 100vw, 169px\" \/><img loading=\"lazy\" class=\"alignnone size-medium wp-image-1525\" src=\"http:\/\/bebart.it\/wp-content\/uploads\/2022\/11\/DSC_88223-244x300.jpg\" alt=\"\" width=\"244\" height=\"300\" srcset=\"https:\/\/bebart.it\/wp-content\/uploads\/2022\/11\/DSC_88223-244x300.jpg 244w, https:\/\/bebart.it\/wp-content\/uploads\/2022\/11\/DSC_88223-833x1024.jpg 833w, https:\/\/bebart.it\/wp-content\/uploads\/2022\/11\/DSC_88223-768x944.jpg 768w, https:\/\/bebart.it\/wp-content\/uploads\/2022\/11\/DSC_88223-1250x1536.jpg 1250w, https:\/\/bebart.it\/wp-content\/uploads\/2022\/11\/DSC_88223-1666x2048.jpg 1666w, https:\/\/bebart.it\/wp-content\/uploads\/2022\/11\/DSC_88223-550x676.jpg 550w\" sizes=\"(max-width: 244px) 100vw, 244px\" \/><img loading=\"lazy\" class=\"alignnone size-medium wp-image-1523\" src=\"http:\/\/bebart.it\/wp-content\/uploads\/2022\/11\/DSC_8817-169x300.jpg\" alt=\"\" width=\"169\" height=\"300\" srcset=\"https:\/\/bebart.it\/wp-content\/uploads\/2022\/11\/DSC_8817-169x300.jpg 169w, https:\/\/bebart.it\/wp-content\/uploads\/2022\/11\/DSC_8817-576x1024.jpg 576w, https:\/\/bebart.it\/wp-content\/uploads\/2022\/11\/DSC_8817-768x1365.jpg 768w, https:\/\/bebart.it\/wp-content\/uploads\/2022\/11\/DSC_8817-864x1536.jpg 864w, https:\/\/bebart.it\/wp-content\/uploads\/2022\/11\/DSC_8817-1152x2048.jpg 1152w, https:\/\/bebart.it\/wp-content\/uploads\/2022\/11\/DSC_8817-550x978.jpg 550w, https:\/\/bebart.it\/wp-content\/uploads\/2022\/11\/DSC_8817-scaled.jpg 1440w\" sizes=\"(max-width: 169px) 100vw, 169px\" \/><\/p>\n","protected":false},"excerpt":{"rendered":"<p>I miei Portacandele vengono realizzati utilizzando i fiori del mio giardino, ma non solo. Per questo Portacandele &#8220;ELLEBORO&#8221; ho utilizzato i fiori di Elleboro, Salvia ornamentale, Fiori di Pianta Obbediente. I fiori, una volta pressati, vengono incollati uno per uno sul vetro e coperti con la delicata carta di riso. E&#8217; inclusa una candelina profumata!<br \/>\nI Portacandele si illuminano dall&#8217;interno e riflettono la luce per rendere il tuo salotto pi\u00f9 accogliente, la tua camera da letto pi\u00f9 romantica o il tuo negozio pi\u00f9 interessante.<br \/>\nSiccome questo Portacandele \u00e8 bello anche dall&#8217;interno, perch\u00e8 i fiori si vedono in modo chiaro e limpido, lo si pu\u00f2 utilizzare anche come portaoggetti.<br \/>\nTutte le mie creazioni sono pezzi unici! Un regalo decisamente originale!<br \/>\nIl peso: 1120 grammi &#8211; Diametro 12.5 cm, altezza 11.5 cm<br \/>\nTrattandosi di creazione effettuata con materiali naturali, l&#8217;articolo spedito potr\u00e0 presentare alcune piccole differenze nel colore rispetto a quello esposto. Si prega di tenere lontano dalla luce solare diretta.<\/p>\n","protected":false},"featured_media":1526,"comment_status":"open","ping_status":"closed","template":"","meta":[],"product_cat":[34],"product_tag":[],"_links":{"self":[{"href":"https:\/\/bebart.it\/index.php?rest_route=\/wp\/v2\/product\/1530"}],"collection":[{"href":"https:\/\/bebart.it\/index.php?rest_route=\/wp\/v2\/product"}],"about":[{"href":"https:\/\/bebart.it\/index.php?rest_route=\/wp\/v2\/types\/product"}],"replies":[{"embeddable":true,"href":"https:\/\/bebart.it\/index.php?rest_route=%2Fwp%2Fv2%2Fcomments&post=1530"}],"wp:featuredmedia":[{"embeddable":true,"href":"https:\/\/bebart.it\/index.php?rest_route=\/wp\/v2\/media\/1526"}],"wp:attachment":[{"href":"https:\/\/bebart.it\/index.php?rest_route=%2Fwp%2Fv2%2Fmedia&parent=1530"}],"wp:term":[{"taxonomy":"product_cat","embeddable":true,"href":"https:\/\/bebart.it\/index.php?rest_route=%2Fwp%2Fv2%2Fproduct_cat&post=1530"},{"taxonomy":"product_tag","embeddable":true,"href":"https:\/\/bebart.it\/index.php?rest_route=%2Fwp%2Fv2%2Fproduct_tag&post=1530"}],"curies":[{"name":"wp","href":"https:\/\/api.w.org\/{rel}","templated":true}]}}