{"id":1534,"date":"2022-11-12T18:00:27","date_gmt":"2022-11-12T18:00:27","guid":{"rendered":"https:\/\/bebart.it\/?post_type=product&#038;p=1534"},"modified":"2025-06-04T12:17:01","modified_gmt":"2025-06-04T12:17:01","slug":"portacandele-tagete","status":"publish","type":"product","link":"https:\/\/bebart.it\/?product=portacandele-tagete","title":{"rendered":"PORTACANDELE &#8220;TAGETE&#8221;"},"content":{"rendered":"<p><img loading=\"lazy\" class=\"alignnone size-medium wp-image-1535\" src=\"http:\/\/bebart.it\/wp-content\/uploads\/2022\/11\/DSC_0806-169x300.jpg\" alt=\"\" width=\"169\" height=\"300\" srcset=\"https:\/\/bebart.it\/wp-content\/uploads\/2022\/11\/DSC_0806-169x300.jpg 169w, https:\/\/bebart.it\/wp-content\/uploads\/2022\/11\/DSC_0806-576x1024.jpg 576w, https:\/\/bebart.it\/wp-content\/uploads\/2022\/11\/DSC_0806-768x1365.jpg 768w, https:\/\/bebart.it\/wp-content\/uploads\/2022\/11\/DSC_0806-864x1536.jpg 864w, https:\/\/bebart.it\/wp-content\/uploads\/2022\/11\/DSC_0806-1152x2048.jpg 1152w, https:\/\/bebart.it\/wp-content\/uploads\/2022\/11\/DSC_0806-550x977.jpg 550w, https:\/\/bebart.it\/wp-content\/uploads\/2022\/11\/DSC_0806-scaled.jpg 1440w\" sizes=\"(max-width: 169px) 100vw, 169px\" \/><img loading=\"lazy\" class=\"alignnone size-medium wp-image-1533\" src=\"http:\/\/bebart.it\/wp-content\/uploads\/2022\/11\/DSC_0804-169x300.jpg\" alt=\"\" width=\"169\" height=\"300\" srcset=\"https:\/\/bebart.it\/wp-content\/uploads\/2022\/11\/DSC_0804-169x300.jpg 169w, https:\/\/bebart.it\/wp-content\/uploads\/2022\/11\/DSC_0804-576x1024.jpg 576w, https:\/\/bebart.it\/wp-content\/uploads\/2022\/11\/DSC_0804-768x1365.jpg 768w, https:\/\/bebart.it\/wp-content\/uploads\/2022\/11\/DSC_0804-864x1536.jpg 864w, https:\/\/bebart.it\/wp-content\/uploads\/2022\/11\/DSC_0804-1152x2048.jpg 1152w, https:\/\/bebart.it\/wp-content\/uploads\/2022\/11\/DSC_0804-550x978.jpg 550w, https:\/\/bebart.it\/wp-content\/uploads\/2022\/11\/DSC_0804-scaled.jpg 1440w\" sizes=\"(max-width: 169px) 100vw, 169px\" \/><img loading=\"lazy\" class=\"alignnone size-medium wp-image-1532\" src=\"http:\/\/bebart.it\/wp-content\/uploads\/2022\/11\/DSC_0803-169x300.jpg\" alt=\"\" width=\"169\" height=\"300\" srcset=\"https:\/\/bebart.it\/wp-content\/uploads\/2022\/11\/DSC_0803-169x300.jpg 169w, https:\/\/bebart.it\/wp-content\/uploads\/2022\/11\/DSC_0803-576x1024.jpg 576w, https:\/\/bebart.it\/wp-content\/uploads\/2022\/11\/DSC_0803-768x1365.jpg 768w, https:\/\/bebart.it\/wp-content\/uploads\/2022\/11\/DSC_0803-864x1536.jpg 864w, https:\/\/bebart.it\/wp-content\/uploads\/2022\/11\/DSC_0803-1152x2048.jpg 1152w, https:\/\/bebart.it\/wp-content\/uploads\/2022\/11\/DSC_0803-550x978.jpg 550w, https:\/\/bebart.it\/wp-content\/uploads\/2022\/11\/DSC_0803-scaled.jpg 1440w\" sizes=\"(max-width: 169px) 100vw, 169px\" \/><img loading=\"lazy\" class=\"alignnone size-medium wp-image-1531\" src=\"http:\/\/bebart.it\/wp-content\/uploads\/2022\/11\/20221112_180449-152x300.jpg\" alt=\"\" width=\"152\" height=\"300\" srcset=\"https:\/\/bebart.it\/wp-content\/uploads\/2022\/11\/20221112_180449-152x300.jpg 152w, https:\/\/bebart.it\/wp-content\/uploads\/2022\/11\/20221112_180449-518x1024.jpg 518w, https:\/\/bebart.it\/wp-content\/uploads\/2022\/11\/20221112_180449-768x1517.jpg 768w, https:\/\/bebart.it\/wp-content\/uploads\/2022\/11\/20221112_180449-777x1536.jpg 777w, https:\/\/bebart.it\/wp-content\/uploads\/2022\/11\/20221112_180449-1037x2048.jpg 1037w, https:\/\/bebart.it\/wp-content\/uploads\/2022\/11\/20221112_180449-550x1087.jpg 550w, https:\/\/bebart.it\/wp-content\/uploads\/2022\/11\/20221112_180449-scaled.jpg 1296w\" sizes=\"(max-width: 152px) 100vw, 152px\" \/><\/p>\n","protected":false},"excerpt":{"rendered":"<p>I miei Portacandele vengono realizzati utilizzando i fiori del mio giardino, ma non solo. In questo caso si tratta di fiori di Tagete, Kerria, Filadelfo (Fior d&#8217;Angelo), da me coltivati e, una volta essiccati, vengono incollati uno per uno sul vetro. Una volta asciugati vengono coperti con la delicata carta di riso. E&#8217; inclusa una candelina profumata.<br \/>\nI Portacandele si illuminano dall&#8217;interno e riflettono la luce per rendere il tuo salotto pi\u00f9 accogliente, la tua camera da letto pi\u00f9 romantica o il tuo negozio pi\u00f9 interessante.<br \/>\nSiccome questo Portacandele \u00e8 bello anche dall&#8217;interno, perch\u00e8 i fiori si vedono in modo chiaro e limpido, lo si pu\u00f2 utilizzare anche come soprammobile.<br \/>\nTutte le mie creazioni sono pezzi unici! Un regalo decisamente originale!<br \/>\nDimensioni: diametro 8 cm, altezza 5,5 cm<br \/>\nTrattandosi di creazione effettuata con materiali naturali, l&#8217;articolo spedito potr\u00e0 presentare alcune piccole differenze nel colore rispetto a quello esposto. Si prega di tenere lontano dalla luce solare diretta.<\/p>\n","protected":false},"featured_media":1533,"comment_status":"open","ping_status":"closed","template":"","meta":[],"product_cat":[34],"product_tag":[],"_links":{"self":[{"href":"https:\/\/bebart.it\/index.php?rest_route=\/wp\/v2\/product\/1534"}],"collection":[{"href":"https:\/\/bebart.it\/index.php?rest_route=\/wp\/v2\/product"}],"about":[{"href":"https:\/\/bebart.it\/index.php?rest_route=\/wp\/v2\/types\/product"}],"replies":[{"embeddable":true,"href":"https:\/\/bebart.it\/index.php?rest_route=%2Fwp%2Fv2%2Fcomments&post=1534"}],"wp:featuredmedia":[{"embeddable":true,"href":"https:\/\/bebart.it\/index.php?rest_route=\/wp\/v2\/media\/1533"}],"wp:attachment":[{"href":"https:\/\/bebart.it\/index.php?rest_route=%2Fwp%2Fv2%2Fmedia&parent=1534"}],"wp:term":[{"taxonomy":"product_cat","embeddable":true,"href":"https:\/\/bebart.it\/index.php?rest_route=%2Fwp%2Fv2%2Fproduct_cat&post=1534"},{"taxonomy":"product_tag","embeddable":true,"href":"https:\/\/bebart.it\/index.php?rest_route=%2Fwp%2Fv2%2Fproduct_tag&post=1534"}],"curies":[{"name":"wp","href":"https:\/\/api.w.org\/{rel}","templated":true}]}}