{"id":1558,"date":"2022-11-13T22:08:39","date_gmt":"2022-11-13T22:08:39","guid":{"rendered":"https:\/\/bebart.it\/?post_type=product&#038;p=1558"},"modified":"2022-11-13T22:25:07","modified_gmt":"2022-11-13T22:25:07","slug":"portacandele-zaffiro","status":"publish","type":"product","link":"https:\/\/bebart.it\/?product=portacandele-zaffiro","title":{"rendered":"PORTACANDELE &#8220;ZAFFIRO&#8221;"},"content":{"rendered":"<p><img loading=\"lazy\" class=\"alignnone size-medium wp-image-1559\" src=\"http:\/\/bebart.it\/wp-content\/uploads\/2022\/11\/20221113_231238-208x300.jpg\" alt=\"\" width=\"208\" height=\"300\" srcset=\"https:\/\/bebart.it\/wp-content\/uploads\/2022\/11\/20221113_231238-208x300.jpg 208w, https:\/\/bebart.it\/wp-content\/uploads\/2022\/11\/20221113_231238-712x1024.jpg 712w, https:\/\/bebart.it\/wp-content\/uploads\/2022\/11\/20221113_231238-768x1105.jpg 768w, https:\/\/bebart.it\/wp-content\/uploads\/2022\/11\/20221113_231238-1067x1536.jpg 1067w, https:\/\/bebart.it\/wp-content\/uploads\/2022\/11\/20221113_231238-550x791.jpg 550w, https:\/\/bebart.it\/wp-content\/uploads\/2022\/11\/20221113_231238.jpg 1080w\" sizes=\"(max-width: 208px) 100vw, 208px\" \/><img loading=\"lazy\" class=\"alignnone size-medium wp-image-1560\" src=\"http:\/\/bebart.it\/wp-content\/uploads\/2022\/11\/20221113_231333-214x300.jpg\" alt=\"\" width=\"214\" height=\"300\" srcset=\"https:\/\/bebart.it\/wp-content\/uploads\/2022\/11\/20221113_231333-214x300.jpg 214w, https:\/\/bebart.it\/wp-content\/uploads\/2022\/11\/20221113_231333-729x1024.jpg 729w, https:\/\/bebart.it\/wp-content\/uploads\/2022\/11\/20221113_231333-768x1078.jpg 768w, https:\/\/bebart.it\/wp-content\/uploads\/2022\/11\/20221113_231333-550x772.jpg 550w, https:\/\/bebart.it\/wp-content\/uploads\/2022\/11\/20221113_231333.jpg 1080w\" sizes=\"(max-width: 214px) 100vw, 214px\" \/><img loading=\"lazy\" class=\"alignnone size-medium wp-image-1554\" src=\"http:\/\/bebart.it\/wp-content\/uploads\/2022\/11\/DSC_0827-169x300.jpg\" alt=\"\" width=\"169\" height=\"300\" srcset=\"https:\/\/bebart.it\/wp-content\/uploads\/2022\/11\/DSC_0827-169x300.jpg 169w, https:\/\/bebart.it\/wp-content\/uploads\/2022\/11\/DSC_0827-576x1024.jpg 576w, https:\/\/bebart.it\/wp-content\/uploads\/2022\/11\/DSC_0827-768x1366.jpg 768w, https:\/\/bebart.it\/wp-content\/uploads\/2022\/11\/DSC_0827-864x1536.jpg 864w, https:\/\/bebart.it\/wp-content\/uploads\/2022\/11\/DSC_0827-1152x2048.jpg 1152w, https:\/\/bebart.it\/wp-content\/uploads\/2022\/11\/DSC_0827-550x978.jpg 550w, https:\/\/bebart.it\/wp-content\/uploads\/2022\/11\/DSC_0827-scaled.jpg 1440w\" sizes=\"(max-width: 169px) 100vw, 169px\" \/><img loading=\"lazy\" class=\"alignnone size-medium wp-image-1555\" src=\"http:\/\/bebart.it\/wp-content\/uploads\/2022\/11\/DSC_0828-169x300.jpg\" alt=\"\" width=\"169\" height=\"300\" srcset=\"https:\/\/bebart.it\/wp-content\/uploads\/2022\/11\/DSC_0828-169x300.jpg 169w, https:\/\/bebart.it\/wp-content\/uploads\/2022\/11\/DSC_0828-576x1024.jpg 576w, https:\/\/bebart.it\/wp-content\/uploads\/2022\/11\/DSC_0828-768x1366.jpg 768w, https:\/\/bebart.it\/wp-content\/uploads\/2022\/11\/DSC_0828-864x1536.jpg 864w, https:\/\/bebart.it\/wp-content\/uploads\/2022\/11\/DSC_0828-1152x2048.jpg 1152w, https:\/\/bebart.it\/wp-content\/uploads\/2022\/11\/DSC_0828-550x978.jpg 550w, https:\/\/bebart.it\/wp-content\/uploads\/2022\/11\/DSC_0828-scaled.jpg 1440w\" sizes=\"(max-width: 169px) 100vw, 169px\" \/><\/p>\n","protected":false},"excerpt":{"rendered":"<p>I miei Portacandele vengono realizzati utilizzando i fiori del mio giardino, ma non solo. Per questo Portacandele &#8220;ZAFFIRO&#8221; ho utilizzato i fiori di Dicendra, Bouganvillea, Rosa cinese, Ortensia e foglie di Achillea. I fiori, una volta pressati, vengono incollati uno per uno sul vetro e coperti con la delicata carta di riso. E&#8217; inclusa una candelina profumata!<br \/>\nI Portacandele si illuminano dall&#8217;interno e riflettono la luce per rendere il tuo salotto pi\u00f9 accogliente, la tua camera da letto pi\u00f9 romantica o il tuo negozio pi\u00f9 interessante.<br \/>\nSiccome questo Portacandele \u00e8 bello anche dall&#8217;interno, perch\u00e8 i fiori si vedono in modo chiaro e limpido, lo si pu\u00f2 utilizzare anche come portaoggetti o centro tavola.<br \/>\nTutte le mie creazioni sono pezzi unici! Un regalo decisamente originale!<br \/>\nTrattandosi di creazione effettuata con materiali naturali, l&#8217;articolo spedito potr\u00e0 presentare alcune piccole differenze nel colore rispetto a quello esposto. Si prega di tenere lontano dalla luce solare diretta.<\/p>\n<p>Dimensioni: 9 x 9 x 10 cm<\/p>\n","protected":false},"featured_media":1554,"comment_status":"open","ping_status":"closed","template":"","meta":[],"product_cat":[34],"product_tag":[],"_links":{"self":[{"href":"https:\/\/bebart.it\/index.php?rest_route=\/wp\/v2\/product\/1558"}],"collection":[{"href":"https:\/\/bebart.it\/index.php?rest_route=\/wp\/v2\/product"}],"about":[{"href":"https:\/\/bebart.it\/index.php?rest_route=\/wp\/v2\/types\/product"}],"replies":[{"embeddable":true,"href":"https:\/\/bebart.it\/index.php?rest_route=%2Fwp%2Fv2%2Fcomments&post=1558"}],"wp:featuredmedia":[{"embeddable":true,"href":"https:\/\/bebart.it\/index.php?rest_route=\/wp\/v2\/media\/1554"}],"wp:attachment":[{"href":"https:\/\/bebart.it\/index.php?rest_route=%2Fwp%2Fv2%2Fmedia&parent=1558"}],"wp:term":[{"taxonomy":"product_cat","embeddable":true,"href":"https:\/\/bebart.it\/index.php?rest_route=%2Fwp%2Fv2%2Fproduct_cat&post=1558"},{"taxonomy":"product_tag","embeddable":true,"href":"https:\/\/bebart.it\/index.php?rest_route=%2Fwp%2Fv2%2Fproduct_tag&post=1558"}],"curies":[{"name":"wp","href":"https:\/\/api.w.org\/{rel}","templated":true}]}}