{"id":1566,"date":"2022-11-14T22:08:14","date_gmt":"2022-11-14T22:08:14","guid":{"rendered":"https:\/\/bebart.it\/?post_type=product&#038;p=1566"},"modified":"2025-11-14T05:52:55","modified_gmt":"2025-11-14T05:52:55","slug":"portacandele-diamante","status":"publish","type":"product","link":"https:\/\/bebart.it\/?product=portacandele-diamante","title":{"rendered":"PORTACANDELE &#8220;DIAMANTE&#8221;"},"content":{"rendered":"<p><img loading=\"lazy\" class=\"alignnone size-medium wp-image-1567\" src=\"http:\/\/bebart.it\/wp-content\/uploads\/2022\/11\/DSC_0848-169x300.jpg\" alt=\"\" width=\"169\" height=\"300\" srcset=\"https:\/\/bebart.it\/wp-content\/uploads\/2022\/11\/DSC_0848-169x300.jpg 169w, https:\/\/bebart.it\/wp-content\/uploads\/2022\/11\/DSC_0848-576x1024.jpg 576w, https:\/\/bebart.it\/wp-content\/uploads\/2022\/11\/DSC_0848-768x1365.jpg 768w, https:\/\/bebart.it\/wp-content\/uploads\/2022\/11\/DSC_0848-864x1536.jpg 864w, https:\/\/bebart.it\/wp-content\/uploads\/2022\/11\/DSC_0848-1152x2048.jpg 1152w, https:\/\/bebart.it\/wp-content\/uploads\/2022\/11\/DSC_0848-550x978.jpg 550w, https:\/\/bebart.it\/wp-content\/uploads\/2022\/11\/DSC_0848-scaled.jpg 1440w\" sizes=\"(max-width: 169px) 100vw, 169px\" \/><img loading=\"lazy\" class=\"alignnone size-medium wp-image-1568\" src=\"http:\/\/bebart.it\/wp-content\/uploads\/2022\/11\/DSC_0849-169x300.jpg\" alt=\"\" width=\"169\" height=\"300\" srcset=\"https:\/\/bebart.it\/wp-content\/uploads\/2022\/11\/DSC_0849-169x300.jpg 169w, https:\/\/bebart.it\/wp-content\/uploads\/2022\/11\/DSC_0849-576x1024.jpg 576w, https:\/\/bebart.it\/wp-content\/uploads\/2022\/11\/DSC_0849-768x1365.jpg 768w, https:\/\/bebart.it\/wp-content\/uploads\/2022\/11\/DSC_0849-864x1536.jpg 864w, https:\/\/bebart.it\/wp-content\/uploads\/2022\/11\/DSC_0849-1152x2048.jpg 1152w, https:\/\/bebart.it\/wp-content\/uploads\/2022\/11\/DSC_0849-550x977.jpg 550w, https:\/\/bebart.it\/wp-content\/uploads\/2022\/11\/DSC_0849-scaled.jpg 1440w\" sizes=\"(max-width: 169px) 100vw, 169px\" \/><img loading=\"lazy\" class=\"alignnone size-medium wp-image-1565\" src=\"http:\/\/bebart.it\/wp-content\/uploads\/2022\/11\/DSC_0847-169x300.jpg\" alt=\"\" width=\"169\" height=\"300\" srcset=\"https:\/\/bebart.it\/wp-content\/uploads\/2022\/11\/DSC_0847-169x300.jpg 169w, https:\/\/bebart.it\/wp-content\/uploads\/2022\/11\/DSC_0847-576x1024.jpg 576w, https:\/\/bebart.it\/wp-content\/uploads\/2022\/11\/DSC_0847-768x1365.jpg 768w, https:\/\/bebart.it\/wp-content\/uploads\/2022\/11\/DSC_0847-864x1536.jpg 864w, https:\/\/bebart.it\/wp-content\/uploads\/2022\/11\/DSC_0847-1152x2048.jpg 1152w, https:\/\/bebart.it\/wp-content\/uploads\/2022\/11\/DSC_0847-550x978.jpg 550w, https:\/\/bebart.it\/wp-content\/uploads\/2022\/11\/DSC_0847-scaled.jpg 1440w\" sizes=\"(max-width: 169px) 100vw, 169px\" \/><img loading=\"lazy\" class=\"alignnone size-medium wp-image-1564\" src=\"http:\/\/bebart.it\/wp-content\/uploads\/2022\/11\/DSC_0846-169x300.jpg\" alt=\"\" width=\"169\" height=\"300\" srcset=\"https:\/\/bebart.it\/wp-content\/uploads\/2022\/11\/DSC_0846-169x300.jpg 169w, https:\/\/bebart.it\/wp-content\/uploads\/2022\/11\/DSC_0846-576x1024.jpg 576w, https:\/\/bebart.it\/wp-content\/uploads\/2022\/11\/DSC_0846-768x1365.jpg 768w, https:\/\/bebart.it\/wp-content\/uploads\/2022\/11\/DSC_0846-864x1536.jpg 864w, https:\/\/bebart.it\/wp-content\/uploads\/2022\/11\/DSC_0846-1152x2048.jpg 1152w, https:\/\/bebart.it\/wp-content\/uploads\/2022\/11\/DSC_0846-550x977.jpg 550w, https:\/\/bebart.it\/wp-content\/uploads\/2022\/11\/DSC_0846-scaled.jpg 1440w\" sizes=\"(max-width: 169px) 100vw, 169px\" \/><img loading=\"lazy\" class=\"alignnone size-medium wp-image-1562\" src=\"http:\/\/bebart.it\/wp-content\/uploads\/2022\/11\/20221114_224828-183x300.jpg\" alt=\"\" width=\"183\" height=\"300\" srcset=\"https:\/\/bebart.it\/wp-content\/uploads\/2022\/11\/20221114_224828-183x300.jpg 183w, https:\/\/bebart.it\/wp-content\/uploads\/2022\/11\/20221114_224828-625x1024.jpg 625w, https:\/\/bebart.it\/wp-content\/uploads\/2022\/11\/20221114_224828-768x1258.jpg 768w, https:\/\/bebart.it\/wp-content\/uploads\/2022\/11\/20221114_224828-938x1536.jpg 938w, https:\/\/bebart.it\/wp-content\/uploads\/2022\/11\/20221114_224828-1250x2048.jpg 1250w, https:\/\/bebart.it\/wp-content\/uploads\/2022\/11\/20221114_224828-550x901.jpg 550w, https:\/\/bebart.it\/wp-content\/uploads\/2022\/11\/20221114_224828-scaled.jpg 1563w\" sizes=\"(max-width: 183px) 100vw, 183px\" \/><img loading=\"lazy\" class=\"alignnone size-medium wp-image-1561\" src=\"http:\/\/bebart.it\/wp-content\/uploads\/2022\/11\/20221114_224721-190x300.jpg\" alt=\"\" width=\"190\" height=\"300\" srcset=\"https:\/\/bebart.it\/wp-content\/uploads\/2022\/11\/20221114_224721-190x300.jpg 190w, https:\/\/bebart.it\/wp-content\/uploads\/2022\/11\/20221114_224721-649x1024.jpg 649w, https:\/\/bebart.it\/wp-content\/uploads\/2022\/11\/20221114_224721-768x1212.jpg 768w, https:\/\/bebart.it\/wp-content\/uploads\/2022\/11\/20221114_224721-974x1536.jpg 974w, https:\/\/bebart.it\/wp-content\/uploads\/2022\/11\/20221114_224721-1298x2048.jpg 1298w, https:\/\/bebart.it\/wp-content\/uploads\/2022\/11\/20221114_224721-550x868.jpg 550w, https:\/\/bebart.it\/wp-content\/uploads\/2022\/11\/20221114_224721-scaled.jpg 1623w\" sizes=\"(max-width: 190px) 100vw, 190px\" \/><img loading=\"lazy\" class=\"alignnone size-medium wp-image-1563\" src=\"http:\/\/bebart.it\/wp-content\/uploads\/2022\/11\/DSC_0842-169x300.jpg\" alt=\"\" width=\"169\" height=\"300\" srcset=\"https:\/\/bebart.it\/wp-content\/uploads\/2022\/11\/DSC_0842-169x300.jpg 169w, https:\/\/bebart.it\/wp-content\/uploads\/2022\/11\/DSC_0842-576x1024.jpg 576w, https:\/\/bebart.it\/wp-content\/uploads\/2022\/11\/DSC_0842-768x1366.jpg 768w, https:\/\/bebart.it\/wp-content\/uploads\/2022\/11\/DSC_0842-864x1536.jpg 864w, https:\/\/bebart.it\/wp-content\/uploads\/2022\/11\/DSC_0842-1152x2048.jpg 1152w, https:\/\/bebart.it\/wp-content\/uploads\/2022\/11\/DSC_0842-550x978.jpg 550w, https:\/\/bebart.it\/wp-content\/uploads\/2022\/11\/DSC_0842-scaled.jpg 1440w\" sizes=\"(max-width: 169px) 100vw, 169px\" \/><\/p>\n","protected":false},"excerpt":{"rendered":"<p>I miei Portacandele vengono realizzati utilizzando i fiori del mio giardino, ma non solo. Per questo Portacandele &#8220;DIAMANTE&#8221; ho utilizzato i fiori di Coreopsis, Violette, Foglie rosse di Photinia, Foglie di Achillea e Salvia ornamentale. I fiori, una volta pressati, vengono incollati uno per uno sul vetro e coperti con la delicata carta di riso. E&#8217; inclusa una candelina profumata!<br \/>\nI Portacandele si illuminano dall&#8217;interno e riflettono la luce per rendere il tuo salotto pi\u00f9 accogliente, la tua camera da letto pi\u00f9 romantica o il tuo negozio pi\u00f9 interessante.<br \/>\nSiccome questo Portacandele \u00e8 bello anche dall&#8217;interno, perch\u00e8 i fiori si vedono in modo chiaro e limpido, lo si pu\u00f2 utilizzare anche come portaoggetti o centro tavola.<br \/>\nTutte le mie creazioni sono pezzi unici! Un regalo decisamente originale!<br \/>\nTrattandosi di creazione effettuata con materiali naturali, l&#8217;articolo spedito potr\u00e0 presentare alcune piccole differenze nel colore rispetto a quello esposto. Si prega di tenere lontano dalla luce solare diretta.<\/p>\n<p>Dimensioni: diametro 9 cm, altezza 8 cm<\/p>\n","protected":false},"featured_media":1567,"comment_status":"open","ping_status":"closed","template":"","meta":[],"product_cat":[34],"product_tag":[],"_links":{"self":[{"href":"https:\/\/bebart.it\/index.php?rest_route=\/wp\/v2\/product\/1566"}],"collection":[{"href":"https:\/\/bebart.it\/index.php?rest_route=\/wp\/v2\/product"}],"about":[{"href":"https:\/\/bebart.it\/index.php?rest_route=\/wp\/v2\/types\/product"}],"replies":[{"embeddable":true,"href":"https:\/\/bebart.it\/index.php?rest_route=%2Fwp%2Fv2%2Fcomments&post=1566"}],"wp:featuredmedia":[{"embeddable":true,"href":"https:\/\/bebart.it\/index.php?rest_route=\/wp\/v2\/media\/1567"}],"wp:attachment":[{"href":"https:\/\/bebart.it\/index.php?rest_route=%2Fwp%2Fv2%2Fmedia&parent=1566"}],"wp:term":[{"taxonomy":"product_cat","embeddable":true,"href":"https:\/\/bebart.it\/index.php?rest_route=%2Fwp%2Fv2%2Fproduct_cat&post=1566"},{"taxonomy":"product_tag","embeddable":true,"href":"https:\/\/bebart.it\/index.php?rest_route=%2Fwp%2Fv2%2Fproduct_tag&post=1566"}],"curies":[{"name":"wp","href":"https:\/\/api.w.org\/{rel}","templated":true}]}}