{"id":1575,"date":"2022-11-14T22:35:00","date_gmt":"2022-11-14T22:35:00","guid":{"rendered":"https:\/\/bebart.it\/?post_type=product&#038;p=1575"},"modified":"2025-04-22T12:19:56","modified_gmt":"2025-04-22T12:19:56","slug":"portacandele-ballerine","status":"publish","type":"product","link":"https:\/\/bebart.it\/?product=portacandele-ballerine","title":{"rendered":"PORTACANDELE &#8220;BALLERINE&#8221;"},"content":{"rendered":"<p><img loading=\"lazy\" class=\"alignnone size-medium wp-image-1574\" src=\"http:\/\/bebart.it\/wp-content\/uploads\/2022\/11\/DSC_0851-169x300.jpg\" alt=\"\" width=\"169\" height=\"300\" srcset=\"https:\/\/bebart.it\/wp-content\/uploads\/2022\/11\/DSC_0851-169x300.jpg 169w, https:\/\/bebart.it\/wp-content\/uploads\/2022\/11\/DSC_0851-576x1024.jpg 576w, https:\/\/bebart.it\/wp-content\/uploads\/2022\/11\/DSC_0851-768x1366.jpg 768w, https:\/\/bebart.it\/wp-content\/uploads\/2022\/11\/DSC_0851-864x1536.jpg 864w, https:\/\/bebart.it\/wp-content\/uploads\/2022\/11\/DSC_0851-1152x2048.jpg 1152w, https:\/\/bebart.it\/wp-content\/uploads\/2022\/11\/DSC_0851-550x978.jpg 550w, https:\/\/bebart.it\/wp-content\/uploads\/2022\/11\/DSC_0851-scaled.jpg 1440w\" sizes=\"(max-width: 169px) 100vw, 169px\" \/><img loading=\"lazy\" class=\"alignnone size-medium wp-image-1573\" src=\"http:\/\/bebart.it\/wp-content\/uploads\/2022\/11\/DSC_0850-169x300.jpg\" alt=\"\" width=\"169\" height=\"300\" srcset=\"https:\/\/bebart.it\/wp-content\/uploads\/2022\/11\/DSC_0850-169x300.jpg 169w, https:\/\/bebart.it\/wp-content\/uploads\/2022\/11\/DSC_0850-576x1024.jpg 576w, https:\/\/bebart.it\/wp-content\/uploads\/2022\/11\/DSC_0850-768x1366.jpg 768w, https:\/\/bebart.it\/wp-content\/uploads\/2022\/11\/DSC_0850-864x1536.jpg 864w, https:\/\/bebart.it\/wp-content\/uploads\/2022\/11\/DSC_0850-1152x2048.jpg 1152w, https:\/\/bebart.it\/wp-content\/uploads\/2022\/11\/DSC_0850-550x978.jpg 550w, https:\/\/bebart.it\/wp-content\/uploads\/2022\/11\/DSC_0850-scaled.jpg 1440w\" sizes=\"(max-width: 169px) 100vw, 169px\" \/><img loading=\"lazy\" class=\"alignnone size-medium wp-image-1572\" src=\"http:\/\/bebart.it\/wp-content\/uploads\/2022\/11\/DSC_0845-169x300.jpg\" alt=\"\" width=\"169\" height=\"300\" srcset=\"https:\/\/bebart.it\/wp-content\/uploads\/2022\/11\/DSC_0845-169x300.jpg 169w, https:\/\/bebart.it\/wp-content\/uploads\/2022\/11\/DSC_0845-576x1024.jpg 576w, https:\/\/bebart.it\/wp-content\/uploads\/2022\/11\/DSC_0845-768x1366.jpg 768w, https:\/\/bebart.it\/wp-content\/uploads\/2022\/11\/DSC_0845-864x1536.jpg 864w, https:\/\/bebart.it\/wp-content\/uploads\/2022\/11\/DSC_0845-1152x2048.jpg 1152w, https:\/\/bebart.it\/wp-content\/uploads\/2022\/11\/DSC_0845-550x978.jpg 550w, https:\/\/bebart.it\/wp-content\/uploads\/2022\/11\/DSC_0845-scaled.jpg 1440w\" sizes=\"(max-width: 169px) 100vw, 169px\" \/><img loading=\"lazy\" class=\"alignnone size-medium wp-image-1571\" src=\"http:\/\/bebart.it\/wp-content\/uploads\/2022\/11\/DSC_0844-169x300.jpg\" alt=\"\" width=\"169\" height=\"300\" srcset=\"https:\/\/bebart.it\/wp-content\/uploads\/2022\/11\/DSC_0844-169x300.jpg 169w, https:\/\/bebart.it\/wp-content\/uploads\/2022\/11\/DSC_0844-576x1024.jpg 576w, https:\/\/bebart.it\/wp-content\/uploads\/2022\/11\/DSC_0844-768x1366.jpg 768w, https:\/\/bebart.it\/wp-content\/uploads\/2022\/11\/DSC_0844-864x1536.jpg 864w, https:\/\/bebart.it\/wp-content\/uploads\/2022\/11\/DSC_0844-1152x2048.jpg 1152w, https:\/\/bebart.it\/wp-content\/uploads\/2022\/11\/DSC_0844-550x978.jpg 550w, https:\/\/bebart.it\/wp-content\/uploads\/2022\/11\/DSC_0844-scaled.jpg 1440w\" sizes=\"(max-width: 169px) 100vw, 169px\" \/><img loading=\"lazy\" class=\"alignnone size-medium wp-image-1570\" src=\"http:\/\/bebart.it\/wp-content\/uploads\/2022\/11\/DSC_0843-169x300.jpg\" alt=\"\" width=\"169\" height=\"300\" srcset=\"https:\/\/bebart.it\/wp-content\/uploads\/2022\/11\/DSC_0843-169x300.jpg 169w, https:\/\/bebart.it\/wp-content\/uploads\/2022\/11\/DSC_0843-576x1024.jpg 576w, https:\/\/bebart.it\/wp-content\/uploads\/2022\/11\/DSC_0843-768x1365.jpg 768w, https:\/\/bebart.it\/wp-content\/uploads\/2022\/11\/DSC_0843-864x1536.jpg 864w, https:\/\/bebart.it\/wp-content\/uploads\/2022\/11\/DSC_0843-1152x2048.jpg 1152w, https:\/\/bebart.it\/wp-content\/uploads\/2022\/11\/DSC_0843-550x978.jpg 550w, https:\/\/bebart.it\/wp-content\/uploads\/2022\/11\/DSC_0843-scaled.jpg 1440w\" sizes=\"(max-width: 169px) 100vw, 169px\" \/><\/p>\n","protected":false},"excerpt":{"rendered":"<p>I miei Portacandele vengono realizzati utilizzando i fiori del mio giardino, ma non solo. Per questo Portacandele &#8220;BALLERINE&#8221; ho utilizzato i fiori di Fucsia e Tagete. I fiori, una volta pressati, vengono incollati uno per uno sul vetro e coperti con la delicata carta di riso. E&#8217; inclusa una candelina profumata!<br \/>\nI Portacandele si illuminano dall&#8217;interno e riflettono la luce per rendere il tuo salotto pi\u00f9 accogliente, la tua camera da letto pi\u00f9 romantica o il tuo negozio pi\u00f9 interessante.<br \/>\nSiccome questo Portacandele \u00e8 bello anche dall&#8217;interno, perch\u00e8 i fiori si vedono in modo chiaro e limpido, lo si pu\u00f2 utilizzare anche come portaoggetti o centro tavola.<br \/>\nTutte le mie creazioni sono pezzi unici! Un regalo decisamente originale!<br \/>\nTrattandosi di creazione effettuata con materiali naturali, l&#8217;articolo spedito potr\u00e0 presentare alcune piccole differenze nel colore rispetto a quello esposto. Si prega di tenere lontano dalla luce solare diretta.<\/p>\n<p>Dimensioni: diametro 9 cm, altezza 8 cm<\/p>\n","protected":false},"featured_media":1571,"comment_status":"open","ping_status":"closed","template":"","meta":[],"product_cat":[34],"product_tag":[],"_links":{"self":[{"href":"https:\/\/bebart.it\/index.php?rest_route=\/wp\/v2\/product\/1575"}],"collection":[{"href":"https:\/\/bebart.it\/index.php?rest_route=\/wp\/v2\/product"}],"about":[{"href":"https:\/\/bebart.it\/index.php?rest_route=\/wp\/v2\/types\/product"}],"replies":[{"embeddable":true,"href":"https:\/\/bebart.it\/index.php?rest_route=%2Fwp%2Fv2%2Fcomments&post=1575"}],"wp:featuredmedia":[{"embeddable":true,"href":"https:\/\/bebart.it\/index.php?rest_route=\/wp\/v2\/media\/1571"}],"wp:attachment":[{"href":"https:\/\/bebart.it\/index.php?rest_route=%2Fwp%2Fv2%2Fmedia&parent=1575"}],"wp:term":[{"taxonomy":"product_cat","embeddable":true,"href":"https:\/\/bebart.it\/index.php?rest_route=%2Fwp%2Fv2%2Fproduct_cat&post=1575"},{"taxonomy":"product_tag","embeddable":true,"href":"https:\/\/bebart.it\/index.php?rest_route=%2Fwp%2Fv2%2Fproduct_tag&post=1575"}],"curies":[{"name":"wp","href":"https:\/\/api.w.org\/{rel}","templated":true}]}}