{"id":233,"date":"2022-03-10T10:32:18","date_gmt":"2022-03-10T10:32:18","guid":{"rendered":"https:\/\/bebart.it\/?post_type=product&#038;p=233"},"modified":"2022-11-13T22:03:21","modified_gmt":"2022-11-13T22:03:21","slug":"lampada-edera","status":"publish","type":"product","link":"https:\/\/bebart.it\/?product=lampada-edera","title":{"rendered":"PORTACANDELE &#8220;RUBINO&#8221;"},"content":{"rendered":"<p><img loading=\"lazy\" class=\"alignnone size-medium wp-image-1553\" src=\"http:\/\/bebart.it\/wp-content\/uploads\/2022\/11\/DSC_0826-169x300.jpg\" alt=\"\" width=\"169\" height=\"300\" srcset=\"https:\/\/bebart.it\/wp-content\/uploads\/2022\/11\/DSC_0826-169x300.jpg 169w, https:\/\/bebart.it\/wp-content\/uploads\/2022\/11\/DSC_0826-576x1024.jpg 576w, https:\/\/bebart.it\/wp-content\/uploads\/2022\/11\/DSC_0826-768x1366.jpg 768w, https:\/\/bebart.it\/wp-content\/uploads\/2022\/11\/DSC_0826-864x1536.jpg 864w, https:\/\/bebart.it\/wp-content\/uploads\/2022\/11\/DSC_0826-1152x2048.jpg 1152w, https:\/\/bebart.it\/wp-content\/uploads\/2022\/11\/DSC_0826-550x978.jpg 550w, https:\/\/bebart.it\/wp-content\/uploads\/2022\/11\/DSC_0826-scaled.jpg 1440w\" sizes=\"(max-width: 169px) 100vw, 169px\" \/><img loading=\"lazy\" class=\"alignnone size-medium wp-image-1552\" src=\"http:\/\/bebart.it\/wp-content\/uploads\/2022\/11\/DSC_0824-169x300.jpg\" alt=\"\" width=\"169\" height=\"300\" srcset=\"https:\/\/bebart.it\/wp-content\/uploads\/2022\/11\/DSC_0824-169x300.jpg 169w, https:\/\/bebart.it\/wp-content\/uploads\/2022\/11\/DSC_0824-576x1024.jpg 576w, https:\/\/bebart.it\/wp-content\/uploads\/2022\/11\/DSC_0824-768x1366.jpg 768w, https:\/\/bebart.it\/wp-content\/uploads\/2022\/11\/DSC_0824-864x1536.jpg 864w, https:\/\/bebart.it\/wp-content\/uploads\/2022\/11\/DSC_0824-1152x2048.jpg 1152w, https:\/\/bebart.it\/wp-content\/uploads\/2022\/11\/DSC_0824-550x978.jpg 550w, https:\/\/bebart.it\/wp-content\/uploads\/2022\/11\/DSC_0824-scaled.jpg 1440w\" sizes=\"(max-width: 169px) 100vw, 169px\" \/><img loading=\"lazy\" class=\"alignnone size-medium wp-image-1551\" src=\"http:\/\/bebart.it\/wp-content\/uploads\/2022\/11\/DSC_0825-169x300.jpg\" alt=\"\" width=\"169\" height=\"300\" srcset=\"https:\/\/bebart.it\/wp-content\/uploads\/2022\/11\/DSC_0825-169x300.jpg 169w, https:\/\/bebart.it\/wp-content\/uploads\/2022\/11\/DSC_0825-576x1024.jpg 576w, https:\/\/bebart.it\/wp-content\/uploads\/2022\/11\/DSC_0825-768x1366.jpg 768w, https:\/\/bebart.it\/wp-content\/uploads\/2022\/11\/DSC_0825-864x1536.jpg 864w, https:\/\/bebart.it\/wp-content\/uploads\/2022\/11\/DSC_0825-1152x2048.jpg 1152w, https:\/\/bebart.it\/wp-content\/uploads\/2022\/11\/DSC_0825-550x978.jpg 550w, https:\/\/bebart.it\/wp-content\/uploads\/2022\/11\/DSC_0825-scaled.jpg 1440w\" sizes=\"(max-width: 169px) 100vw, 169px\" \/><img loading=\"lazy\" class=\"alignnone size-medium wp-image-1550\" src=\"http:\/\/bebart.it\/wp-content\/uploads\/2022\/11\/20221113_182002-209x300.jpg\" alt=\"\" width=\"209\" height=\"300\" srcset=\"https:\/\/bebart.it\/wp-content\/uploads\/2022\/11\/20221113_182002-209x300.jpg 209w, https:\/\/bebart.it\/wp-content\/uploads\/2022\/11\/20221113_182002-715x1024.jpg 715w, https:\/\/bebart.it\/wp-content\/uploads\/2022\/11\/20221113_182002-768x1100.jpg 768w, https:\/\/bebart.it\/wp-content\/uploads\/2022\/11\/20221113_182002-550x788.jpg 550w, https:\/\/bebart.it\/wp-content\/uploads\/2022\/11\/20221113_182002.jpg 1044w\" sizes=\"(max-width: 209px) 100vw, 209px\" \/><img loading=\"lazy\" class=\"alignnone size-medium wp-image-1549\" src=\"http:\/\/bebart.it\/wp-content\/uploads\/2022\/11\/20221113_181929-200x300.jpg\" alt=\"\" width=\"200\" height=\"300\" srcset=\"https:\/\/bebart.it\/wp-content\/uploads\/2022\/11\/20221113_181929-200x300.jpg 200w, https:\/\/bebart.it\/wp-content\/uploads\/2022\/11\/20221113_181929-682x1024.jpg 682w, https:\/\/bebart.it\/wp-content\/uploads\/2022\/11\/20221113_181929-768x1153.jpg 768w, https:\/\/bebart.it\/wp-content\/uploads\/2022\/11\/20221113_181929-1023x1536.jpg 1023w, https:\/\/bebart.it\/wp-content\/uploads\/2022\/11\/20221113_181929-550x826.jpg 550w, https:\/\/bebart.it\/wp-content\/uploads\/2022\/11\/20221113_181929.jpg 1080w\" sizes=\"(max-width: 200px) 100vw, 200px\" \/><img loading=\"lazy\" class=\"alignnone size-medium wp-image-1548\" src=\"http:\/\/bebart.it\/wp-content\/uploads\/2022\/11\/20221113_181901-191x300.jpg\" alt=\"\" width=\"191\" height=\"300\" srcset=\"https:\/\/bebart.it\/wp-content\/uploads\/2022\/11\/20221113_181901-191x300.jpg 191w, https:\/\/bebart.it\/wp-content\/uploads\/2022\/11\/20221113_181901-653x1024.jpg 653w, https:\/\/bebart.it\/wp-content\/uploads\/2022\/11\/20221113_181901-768x1204.jpg 768w, https:\/\/bebart.it\/wp-content\/uploads\/2022\/11\/20221113_181901-980x1536.jpg 980w, https:\/\/bebart.it\/wp-content\/uploads\/2022\/11\/20221113_181901-550x862.jpg 550w, https:\/\/bebart.it\/wp-content\/uploads\/2022\/11\/20221113_181901.jpg 1080w\" sizes=\"(max-width: 191px) 100vw, 191px\" \/><\/p>\n","protected":false},"excerpt":{"rendered":"<p>I miei Portacandele vengono realizzati utilizzando i fiori del mio giardino, e non solo. In questo caso si tratta di fiori di Viole e le Foglie di Achillea. I fiori, una volta essiccati, vengono incollati uno per uno sul vetro. Una volta asciugati vengono coperti con la delicata carta di riso. E&#8217; inclusa una candelina profumata.<br \/>\nI Portacandele si illuminano dall&#8217;interno e riflettono la luce per rendere il tuo salotto pi\u00f9 accogliente, la tua camera da letto pi\u00f9 romantica o il tuo negozio pi\u00f9 interessante.<br \/>\nSiccome questo Portacandele \u00e8 bello anche dall&#8217;interno, perch\u00e8 i fiori si vedono in modo chiaro e limpido, lo si pu\u00f2 utilizzare anche come soprammobile o cenrotavola.<br \/>\nTutte le mie creazioni sono pezzi unici! Un regalo decisamente originale!<br \/>\nTrattandosi di creazione effettuata con materiali naturali, l&#8217;articolo spedito potr\u00e0 presentare alcune piccole differenze nel colore rispetto a quello esposto. Si prega di tenere lontano dalla luce solare diretta.<\/p>\n<p>Dimensioni: diametro 10 cm, altezza 10 cm<\/p>\n","protected":false},"featured_media":1553,"comment_status":"open","ping_status":"closed","template":"","meta":[],"product_cat":[34],"product_tag":[],"_links":{"self":[{"href":"https:\/\/bebart.it\/index.php?rest_route=\/wp\/v2\/product\/233"}],"collection":[{"href":"https:\/\/bebart.it\/index.php?rest_route=\/wp\/v2\/product"}],"about":[{"href":"https:\/\/bebart.it\/index.php?rest_route=\/wp\/v2\/types\/product"}],"replies":[{"embeddable":true,"href":"https:\/\/bebart.it\/index.php?rest_route=%2Fwp%2Fv2%2Fcomments&post=233"}],"wp:featuredmedia":[{"embeddable":true,"href":"https:\/\/bebart.it\/index.php?rest_route=\/wp\/v2\/media\/1553"}],"wp:attachment":[{"href":"https:\/\/bebart.it\/index.php?rest_route=%2Fwp%2Fv2%2Fmedia&parent=233"}],"wp:term":[{"taxonomy":"product_cat","embeddable":true,"href":"https:\/\/bebart.it\/index.php?rest_route=%2Fwp%2Fv2%2Fproduct_cat&post=233"},{"taxonomy":"product_tag","embeddable":true,"href":"https:\/\/bebart.it\/index.php?rest_route=%2Fwp%2Fv2%2Fproduct_tag&post=233"}],"curies":[{"name":"wp","href":"https:\/\/api.w.org\/{rel}","templated":true}]}}