{"id":243,"date":"2022-03-10T10:35:34","date_gmt":"2022-03-10T10:35:34","guid":{"rendered":"https:\/\/bebart.it\/?post_type=product&#038;p=243"},"modified":"2022-10-16T21:53:23","modified_gmt":"2022-10-16T21:53:23","slug":"portacandele-violette","status":"publish","type":"product","link":"https:\/\/bebart.it\/?product=portacandele-violette","title":{"rendered":"PORTACANDELE &#8220;VIOLETTE&#8221;"},"content":{"rendered":"<p><img loading=\"lazy\" class=\"alignnone size-medium wp-image-244\" src=\"http:\/\/bebart.it\/wp-content\/uploads\/2022\/03\/20211231_181051_LR-203x300.jpg\" alt=\"\" width=\"203\" height=\"300\" srcset=\"https:\/\/bebart.it\/wp-content\/uploads\/2022\/03\/20211231_181051_LR-203x300.jpg 203w, https:\/\/bebart.it\/wp-content\/uploads\/2022\/03\/20211231_181051_LR-550x814.jpg 550w, https:\/\/bebart.it\/wp-content\/uploads\/2022\/03\/20211231_181051_LR-692x1024.jpg 692w, https:\/\/bebart.it\/wp-content\/uploads\/2022\/03\/20211231_181051_LR-768x1137.jpg 768w, https:\/\/bebart.it\/wp-content\/uploads\/2022\/03\/20211231_181051_LR.jpg 929w\" sizes=\"(max-width: 203px) 100vw, 203px\" \/> <img loading=\"lazy\" class=\"alignnone size-medium wp-image-248\" src=\"http:\/\/bebart.it\/wp-content\/uploads\/2022\/03\/DSC_7953_LR-169x300.jpg\" alt=\"\" width=\"169\" height=\"300\" srcset=\"https:\/\/bebart.it\/wp-content\/uploads\/2022\/03\/DSC_7953_LR-169x300.jpg 169w, https:\/\/bebart.it\/wp-content\/uploads\/2022\/03\/DSC_7953_LR-550x977.jpg 550w, https:\/\/bebart.it\/wp-content\/uploads\/2022\/03\/DSC_7953_LR-576x1024.jpg 576w, https:\/\/bebart.it\/wp-content\/uploads\/2022\/03\/DSC_7953_LR-768x1365.jpg 768w, https:\/\/bebart.it\/wp-content\/uploads\/2022\/03\/DSC_7953_LR-864x1536.jpg 864w, https:\/\/bebart.it\/wp-content\/uploads\/2022\/03\/DSC_7953_LR.jpg 929w\" sizes=\"(max-width: 169px) 100vw, 169px\" \/> <img loading=\"lazy\" class=\"alignnone size-medium wp-image-247\" src=\"http:\/\/bebart.it\/wp-content\/uploads\/2022\/03\/20211231_181215_LR-169x300.jpg\" alt=\"\" width=\"169\" height=\"300\" srcset=\"https:\/\/bebart.it\/wp-content\/uploads\/2022\/03\/20211231_181215_LR-169x300.jpg 169w, https:\/\/bebart.it\/wp-content\/uploads\/2022\/03\/20211231_181215_LR-550x977.jpg 550w, https:\/\/bebart.it\/wp-content\/uploads\/2022\/03\/20211231_181215_LR-576x1024.jpg 576w, https:\/\/bebart.it\/wp-content\/uploads\/2022\/03\/20211231_181215_LR-768x1365.jpg 768w, https:\/\/bebart.it\/wp-content\/uploads\/2022\/03\/20211231_181215_LR-864x1536.jpg 864w, https:\/\/bebart.it\/wp-content\/uploads\/2022\/03\/20211231_181215_LR.jpg 929w\" sizes=\"(max-width: 169px) 100vw, 169px\" \/> <img loading=\"lazy\" class=\"alignnone size-medium wp-image-246\" src=\"http:\/\/bebart.it\/wp-content\/uploads\/2022\/03\/20211231_181148_LR-169x300.jpg\" alt=\"\" width=\"169\" height=\"300\" srcset=\"https:\/\/bebart.it\/wp-content\/uploads\/2022\/03\/20211231_181148_LR-169x300.jpg 169w, https:\/\/bebart.it\/wp-content\/uploads\/2022\/03\/20211231_181148_LR-550x977.jpg 550w, https:\/\/bebart.it\/wp-content\/uploads\/2022\/03\/20211231_181148_LR-576x1024.jpg 576w, https:\/\/bebart.it\/wp-content\/uploads\/2022\/03\/20211231_181148_LR-768x1365.jpg 768w, https:\/\/bebart.it\/wp-content\/uploads\/2022\/03\/20211231_181148_LR-864x1536.jpg 864w, https:\/\/bebart.it\/wp-content\/uploads\/2022\/03\/20211231_181148_LR.jpg 929w\" sizes=\"(max-width: 169px) 100vw, 169px\" \/> <img loading=\"lazy\" class=\"alignnone size-medium wp-image-245\" src=\"http:\/\/bebart.it\/wp-content\/uploads\/2022\/03\/20211231_181128_LR-191x300.jpg\" alt=\"\" width=\"191\" height=\"300\" srcset=\"https:\/\/bebart.it\/wp-content\/uploads\/2022\/03\/20211231_181128_LR-191x300.jpg 191w, https:\/\/bebart.it\/wp-content\/uploads\/2022\/03\/20211231_181128_LR-550x864.jpg 550w, https:\/\/bebart.it\/wp-content\/uploads\/2022\/03\/20211231_181128_LR-652x1024.jpg 652w, https:\/\/bebart.it\/wp-content\/uploads\/2022\/03\/20211231_181128_LR-768x1207.jpg 768w, https:\/\/bebart.it\/wp-content\/uploads\/2022\/03\/20211231_181128_LR.jpg 929w\" sizes=\"(max-width: 191px) 100vw, 191px\" \/> <img loading=\"lazy\" class=\"alignnone size-medium wp-image-249\" src=\"http:\/\/bebart.it\/wp-content\/uploads\/2022\/03\/DSC_7955_LR-169x300.jpg\" alt=\"\" width=\"169\" height=\"300\" srcset=\"https:\/\/bebart.it\/wp-content\/uploads\/2022\/03\/DSC_7955_LR-169x300.jpg 169w, https:\/\/bebart.it\/wp-content\/uploads\/2022\/03\/DSC_7955_LR-550x977.jpg 550w, https:\/\/bebart.it\/wp-content\/uploads\/2022\/03\/DSC_7955_LR-576x1024.jpg 576w, https:\/\/bebart.it\/wp-content\/uploads\/2022\/03\/DSC_7955_LR-768x1365.jpg 768w, https:\/\/bebart.it\/wp-content\/uploads\/2022\/03\/DSC_7955_LR-864x1536.jpg 864w, https:\/\/bebart.it\/wp-content\/uploads\/2022\/03\/DSC_7955_LR.jpg 929w\" sizes=\"(max-width: 169px) 100vw, 169px\" \/><\/p>\n","protected":false},"excerpt":{"rendered":"<p>I miei Portacandele vengono realizzati utilizzando i fiori del mio giardino, e non solo. Per questo portacandele &#8220;VIOLETTE&#8221; ho utilizzato i fiori di Violette e le foglie di Achillea. A volte i fiori li raccolgo nei posti in cui mi trovo e cerco di riportarli integri a casa, per dopo sottoporli a un lungo processo di pressatura. I fiori, una volta essiccati, vengono incollati uno per uno sul vetro. Una volta asciugati vengono coperti con la delicata carta di riso. E&#8217; inclusa una candelina profumata.<br \/>\nI Portacandele si illuminano dall&#8217;interno \u00a0e riflettono la luce per rendere il tuo salotto pi\u00f9 accogliente, la tua camera da letto pi\u00f9 romantica o il tuo negozio pi\u00f9 interessante.<br \/>\nSiccome questo Portacandele \u00e8 bello anche dall&#8217;interno, perch\u00e8 i fiori si vedono in modo chiaro e limpido, lo si pu\u00f2 utilizzare anche come portaoggetti piccoli.<br \/>\nTutte le mie creazioni sono pezzi unici! Un regalo decisamente originale!<\/p>\n<p>Dimensioni: 7,5 x 7,5 x 4 cm<\/p>\n","protected":false},"featured_media":248,"comment_status":"open","ping_status":"closed","template":"","meta":[],"product_cat":[34],"product_tag":[],"_links":{"self":[{"href":"https:\/\/bebart.it\/index.php?rest_route=\/wp\/v2\/product\/243"}],"collection":[{"href":"https:\/\/bebart.it\/index.php?rest_route=\/wp\/v2\/product"}],"about":[{"href":"https:\/\/bebart.it\/index.php?rest_route=\/wp\/v2\/types\/product"}],"replies":[{"embeddable":true,"href":"https:\/\/bebart.it\/index.php?rest_route=%2Fwp%2Fv2%2Fcomments&post=243"}],"wp:featuredmedia":[{"embeddable":true,"href":"https:\/\/bebart.it\/index.php?rest_route=\/wp\/v2\/media\/248"}],"wp:attachment":[{"href":"https:\/\/bebart.it\/index.php?rest_route=%2Fwp%2Fv2%2Fmedia&parent=243"}],"wp:term":[{"taxonomy":"product_cat","embeddable":true,"href":"https:\/\/bebart.it\/index.php?rest_route=%2Fwp%2Fv2%2Fproduct_cat&post=243"},{"taxonomy":"product_tag","embeddable":true,"href":"https:\/\/bebart.it\/index.php?rest_route=%2Fwp%2Fv2%2Fproduct_tag&post=243"}],"curies":[{"name":"wp","href":"https:\/\/api.w.org\/{rel}","templated":true}]}}