{"id":250,"date":"2022-03-10T10:37:44","date_gmt":"2022-03-10T10:37:44","guid":{"rendered":"https:\/\/bebart.it\/?post_type=product&#038;p=250"},"modified":"2022-10-16T21:51:08","modified_gmt":"2022-10-16T21:51:08","slug":"portacandele-sambuco","status":"publish","type":"product","link":"https:\/\/bebart.it\/?product=portacandele-sambuco","title":{"rendered":"PORTACANDELE &#8220;SAMBUCO&#8221;"},"content":{"rendered":"<p><img loading=\"lazy\" class=\"alignnone size-medium wp-image-254\" src=\"http:\/\/bebart.it\/wp-content\/uploads\/2022\/03\/DSC_7947_LR-169x300.jpg\" alt=\"\" width=\"169\" height=\"300\" srcset=\"https:\/\/bebart.it\/wp-content\/uploads\/2022\/03\/DSC_7947_LR-169x300.jpg 169w, https:\/\/bebart.it\/wp-content\/uploads\/2022\/03\/DSC_7947_LR-550x977.jpg 550w, https:\/\/bebart.it\/wp-content\/uploads\/2022\/03\/DSC_7947_LR-576x1024.jpg 576w, https:\/\/bebart.it\/wp-content\/uploads\/2022\/03\/DSC_7947_LR-768x1365.jpg 768w, https:\/\/bebart.it\/wp-content\/uploads\/2022\/03\/DSC_7947_LR-864x1536.jpg 864w, https:\/\/bebart.it\/wp-content\/uploads\/2022\/03\/DSC_7947_LR.jpg 929w\" sizes=\"(max-width: 169px) 100vw, 169px\" \/> <img loading=\"lazy\" class=\"alignnone size-medium wp-image-253\" src=\"http:\/\/bebart.it\/wp-content\/uploads\/2022\/03\/DSC_7940_LR-169x300.jpg\" alt=\"\" width=\"169\" height=\"300\" srcset=\"https:\/\/bebart.it\/wp-content\/uploads\/2022\/03\/DSC_7940_LR-169x300.jpg 169w, https:\/\/bebart.it\/wp-content\/uploads\/2022\/03\/DSC_7940_LR-550x977.jpg 550w, https:\/\/bebart.it\/wp-content\/uploads\/2022\/03\/DSC_7940_LR-576x1024.jpg 576w, https:\/\/bebart.it\/wp-content\/uploads\/2022\/03\/DSC_7940_LR-768x1365.jpg 768w, https:\/\/bebart.it\/wp-content\/uploads\/2022\/03\/DSC_7940_LR-864x1536.jpg 864w, https:\/\/bebart.it\/wp-content\/uploads\/2022\/03\/DSC_7940_LR.jpg 929w\" sizes=\"(max-width: 169px) 100vw, 169px\" \/> <img loading=\"lazy\" class=\"alignnone size-medium wp-image-251\" src=\"http:\/\/bebart.it\/wp-content\/uploads\/2022\/03\/20211230_191426_LR-169x300.jpg\" alt=\"\" width=\"169\" height=\"300\" srcset=\"https:\/\/bebart.it\/wp-content\/uploads\/2022\/03\/20211230_191426_LR-169x300.jpg 169w, https:\/\/bebart.it\/wp-content\/uploads\/2022\/03\/20211230_191426_LR-550x977.jpg 550w, https:\/\/bebart.it\/wp-content\/uploads\/2022\/03\/20211230_191426_LR-576x1024.jpg 576w, https:\/\/bebart.it\/wp-content\/uploads\/2022\/03\/20211230_191426_LR-768x1365.jpg 768w, https:\/\/bebart.it\/wp-content\/uploads\/2022\/03\/20211230_191426_LR-864x1536.jpg 864w, https:\/\/bebart.it\/wp-content\/uploads\/2022\/03\/20211230_191426_LR.jpg 929w\" sizes=\"(max-width: 169px) 100vw, 169px\" \/><\/p>\n","protected":false},"excerpt":{"rendered":"<p>I miei Portacandele vengono realizzati utilizzando i fiori del mio giardino, e non solo. Per questo portacandele &#8220;SAMBUCO&#8221; ho utilizzato i fiori di Geranium, Sambuco, Salvia ornamentale e tre foglie di Vite americana. A volte i fiori li raccolgo nei posti in cui mi trovo e cerco di riportarli integri a casa, per dopo sottoporrli a un lungo processo di pressatura. I fiori, una volta essiccati, vengono incollati uno per uno sul vetro. Una volta asciugati vengono coperti con la delicata carta di riso. In questo caso ho inserito anche un pezzo di carta di riso &#8220;musicale&#8221;. E&#8217; inclusa una \u00a0candelina profumata.<br \/>\nI Portacandele si illuminano dall&#8217;interno \u00a0e riflettono la luce per rendere il tuo salotto pi\u00f9 accogliente, la tua camera da letto pi\u00f9 romantica o il tuo negozio pi\u00f9 interessante.<br \/>\nSiccome questo Portacandele \u00e8 bello anche dall&#8217;interno, perch\u00e8 i fiori si vedono in modo chiaro e limpido, lo si pu\u00f2 utilizzare anche come soprammobile o cenrotavola.<br \/>\nTutte le mie creazioni sono pezzi unici! Un regalo decisamente originale!<\/p>\n<p>Dimensioni: Diametro 10 cm, Altezza 9 cm<\/p>\n","protected":false},"featured_media":253,"comment_status":"open","ping_status":"closed","template":"","meta":[],"product_cat":[34],"product_tag":[],"_links":{"self":[{"href":"https:\/\/bebart.it\/index.php?rest_route=\/wp\/v2\/product\/250"}],"collection":[{"href":"https:\/\/bebart.it\/index.php?rest_route=\/wp\/v2\/product"}],"about":[{"href":"https:\/\/bebart.it\/index.php?rest_route=\/wp\/v2\/types\/product"}],"replies":[{"embeddable":true,"href":"https:\/\/bebart.it\/index.php?rest_route=%2Fwp%2Fv2%2Fcomments&post=250"}],"wp:featuredmedia":[{"embeddable":true,"href":"https:\/\/bebart.it\/index.php?rest_route=\/wp\/v2\/media\/253"}],"wp:attachment":[{"href":"https:\/\/bebart.it\/index.php?rest_route=%2Fwp%2Fv2%2Fmedia&parent=250"}],"wp:term":[{"taxonomy":"product_cat","embeddable":true,"href":"https:\/\/bebart.it\/index.php?rest_route=%2Fwp%2Fv2%2Fproduct_cat&post=250"},{"taxonomy":"product_tag","embeddable":true,"href":"https:\/\/bebart.it\/index.php?rest_route=%2Fwp%2Fv2%2Fproduct_tag&post=250"}],"curies":[{"name":"wp","href":"https:\/\/api.w.org\/{rel}","templated":true}]}}