{"id":255,"date":"2022-03-10T10:39:23","date_gmt":"2022-03-10T10:39:23","guid":{"rendered":"https:\/\/bebart.it\/?post_type=product&#038;p=255"},"modified":"2022-10-16T21:48:42","modified_gmt":"2022-10-16T21:48:42","slug":"portacandele-tamerice","status":"publish","type":"product","link":"https:\/\/bebart.it\/?product=portacandele-tamerice","title":{"rendered":"PORTACANDELE &#8220;TAMERICE&#8221;"},"content":{"rendered":"<p><img loading=\"lazy\" class=\"alignnone size-medium wp-image-1417\" src=\"http:\/\/bebart.it\/wp-content\/uploads\/2022\/10\/20211230_183437-227x300.jpg\" alt=\"\" width=\"227\" height=\"300\" srcset=\"https:\/\/bebart.it\/wp-content\/uploads\/2022\/10\/20211230_183437-227x300.jpg 227w, https:\/\/bebart.it\/wp-content\/uploads\/2022\/10\/20211230_183437-774x1024.jpg 774w, https:\/\/bebart.it\/wp-content\/uploads\/2022\/10\/20211230_183437-768x1016.jpg 768w, https:\/\/bebart.it\/wp-content\/uploads\/2022\/10\/20211230_183437-1162x1536.jpg 1162w, https:\/\/bebart.it\/wp-content\/uploads\/2022\/10\/20211230_183437-1549x2048.jpg 1549w, https:\/\/bebart.it\/wp-content\/uploads\/2022\/10\/20211230_183437-550x727.jpg 550w, https:\/\/bebart.it\/wp-content\/uploads\/2022\/10\/20211230_183437-scaled.jpg 1936w\" sizes=\"(max-width: 227px) 100vw, 227px\" \/><img loading=\"lazy\" class=\"alignnone size-medium wp-image-256\" src=\"http:\/\/bebart.it\/wp-content\/uploads\/2022\/03\/DSC_9013_LR-169x300.jpg\" alt=\"\" width=\"169\" height=\"300\" srcset=\"https:\/\/bebart.it\/wp-content\/uploads\/2022\/03\/DSC_9013_LR-169x300.jpg 169w, https:\/\/bebart.it\/wp-content\/uploads\/2022\/03\/DSC_9013_LR-550x978.jpg 550w, https:\/\/bebart.it\/wp-content\/uploads\/2022\/03\/DSC_9013_LR-576x1024.jpg 576w, https:\/\/bebart.it\/wp-content\/uploads\/2022\/03\/DSC_9013_LR-768x1365.jpg 768w, https:\/\/bebart.it\/wp-content\/uploads\/2022\/03\/DSC_9013_LR-864x1536.jpg 864w, https:\/\/bebart.it\/wp-content\/uploads\/2022\/03\/DSC_9013_LR.jpg 900w\" sizes=\"(max-width: 169px) 100vw, 169px\" \/> <img loading=\"lazy\" class=\"alignnone size-medium wp-image-257\" src=\"http:\/\/bebart.it\/wp-content\/uploads\/2022\/03\/DSC_9014_LR-169x300.jpg\" alt=\"\" width=\"169\" height=\"300\" srcset=\"https:\/\/bebart.it\/wp-content\/uploads\/2022\/03\/DSC_9014_LR-169x300.jpg 169w, https:\/\/bebart.it\/wp-content\/uploads\/2022\/03\/DSC_9014_LR-550x978.jpg 550w, https:\/\/bebart.it\/wp-content\/uploads\/2022\/03\/DSC_9014_LR-576x1024.jpg 576w, https:\/\/bebart.it\/wp-content\/uploads\/2022\/03\/DSC_9014_LR-768x1365.jpg 768w, https:\/\/bebart.it\/wp-content\/uploads\/2022\/03\/DSC_9014_LR-864x1536.jpg 864w, https:\/\/bebart.it\/wp-content\/uploads\/2022\/03\/DSC_9014_LR.jpg 900w\" sizes=\"(max-width: 169px) 100vw, 169px\" \/> <img loading=\"lazy\" class=\"alignnone size-medium wp-image-258\" src=\"http:\/\/bebart.it\/wp-content\/uploads\/2022\/03\/DSC_9015_LR-169x300.jpg\" alt=\"\" width=\"169\" height=\"300\" srcset=\"https:\/\/bebart.it\/wp-content\/uploads\/2022\/03\/DSC_9015_LR-169x300.jpg 169w, https:\/\/bebart.it\/wp-content\/uploads\/2022\/03\/DSC_9015_LR-550x978.jpg 550w, https:\/\/bebart.it\/wp-content\/uploads\/2022\/03\/DSC_9015_LR-576x1024.jpg 576w, https:\/\/bebart.it\/wp-content\/uploads\/2022\/03\/DSC_9015_LR-768x1365.jpg 768w, https:\/\/bebart.it\/wp-content\/uploads\/2022\/03\/DSC_9015_LR-864x1536.jpg 864w, https:\/\/bebart.it\/wp-content\/uploads\/2022\/03\/DSC_9015_LR.jpg 900w\" sizes=\"(max-width: 169px) 100vw, 169px\" \/><\/p>\n","protected":false},"excerpt":{"rendered":"<p>I miei Portacandele vengono realizzati utilizzando i fiori del mio giardino, e non solo. Portacandele &#8220;TAMERICE&#8221; &#8211; si tratta di fiore di Rosa, di Gaura, di fiorellini selvatici e una foglia di Tamerice. I fili neri invece sono le alghe marine raccolte quest&#8217;estate in spiaggia. A volte i fiori li raccolgo nei posti in cui mi trovo e cerco di riportarli integri a casa, per dopo sottoporli a un lungo processo di pressatura. I fiori, una volta essiccati, vengono incollati uno per uno sul vetro. Una volta asciugati vengono coperti con la delicata carta di riso. E&#8217; inclusa una candelina profumata!<br \/>\nI Portacandele si illuminano dall&#8217;interno \u00a0e riflettono la luce per rendere il tuo salotto pi\u00f9 accogliente, la tua camera da letto pi\u00f9 romantica o il tuo negozio pi\u00f9 interessante.<\/p>\n<p>Dimensioni: Diametro 10 cm, Altezza 9 cm<br \/>\nSiccome questo Portacandele \u00e8 bello anche dall&#8217;interno, perch\u00e8 i fiori si vedono in modo chiaro e limpido, lo si pu\u00f2 utilizzare anche come soprammobile o centrotavola.<br \/>\nTutte le mie creazioni sono pezzi unici! Un regalo decisamente originale!<\/p>\n","protected":false},"featured_media":1417,"comment_status":"open","ping_status":"closed","template":"","meta":[],"product_cat":[34],"product_tag":[],"_links":{"self":[{"href":"https:\/\/bebart.it\/index.php?rest_route=\/wp\/v2\/product\/255"}],"collection":[{"href":"https:\/\/bebart.it\/index.php?rest_route=\/wp\/v2\/product"}],"about":[{"href":"https:\/\/bebart.it\/index.php?rest_route=\/wp\/v2\/types\/product"}],"replies":[{"embeddable":true,"href":"https:\/\/bebart.it\/index.php?rest_route=%2Fwp%2Fv2%2Fcomments&post=255"}],"wp:featuredmedia":[{"embeddable":true,"href":"https:\/\/bebart.it\/index.php?rest_route=\/wp\/v2\/media\/1417"}],"wp:attachment":[{"href":"https:\/\/bebart.it\/index.php?rest_route=%2Fwp%2Fv2%2Fmedia&parent=255"}],"wp:term":[{"taxonomy":"product_cat","embeddable":true,"href":"https:\/\/bebart.it\/index.php?rest_route=%2Fwp%2Fv2%2Fproduct_cat&post=255"},{"taxonomy":"product_tag","embeddable":true,"href":"https:\/\/bebart.it\/index.php?rest_route=%2Fwp%2Fv2%2Fproduct_tag&post=255"}],"curies":[{"name":"wp","href":"https:\/\/api.w.org\/{rel}","templated":true}]}}