{"id":259,"date":"2022-03-10T10:41:34","date_gmt":"2022-03-10T10:41:34","guid":{"rendered":"https:\/\/bebart.it\/?post_type=product&#038;p=259"},"modified":"2022-10-16T21:58:57","modified_gmt":"2022-10-16T21:58:57","slug":"portacandele-ciclamino","status":"publish","type":"product","link":"https:\/\/bebart.it\/?product=portacandele-ciclamino","title":{"rendered":"PORTACANDELE &#8220;CICLAMINO&#8221;"},"content":{"rendered":"<p><img loading=\"lazy\" class=\"alignnone size-medium wp-image-260\" src=\"http:\/\/bebart.it\/wp-content\/uploads\/2022\/03\/20211206_123052_LR-169x300.jpg\" alt=\"\" width=\"169\" height=\"300\" srcset=\"https:\/\/bebart.it\/wp-content\/uploads\/2022\/03\/20211206_123052_LR-169x300.jpg 169w, https:\/\/bebart.it\/wp-content\/uploads\/2022\/03\/20211206_123052_LR-550x978.jpg 550w, https:\/\/bebart.it\/wp-content\/uploads\/2022\/03\/20211206_123052_LR-576x1024.jpg 576w, https:\/\/bebart.it\/wp-content\/uploads\/2022\/03\/20211206_123052_LR-768x1365.jpg 768w, https:\/\/bebart.it\/wp-content\/uploads\/2022\/03\/20211206_123052_LR-864x1536.jpg 864w, https:\/\/bebart.it\/wp-content\/uploads\/2022\/03\/20211206_123052_LR.jpg 900w\" sizes=\"(max-width: 169px) 100vw, 169px\" \/> <img loading=\"lazy\" class=\"alignnone size-medium wp-image-263\" src=\"http:\/\/bebart.it\/wp-content\/uploads\/2022\/03\/20211206_123210_LR-258x300.jpg\" alt=\"\" width=\"258\" height=\"300\" srcset=\"https:\/\/bebart.it\/wp-content\/uploads\/2022\/03\/20211206_123210_LR-258x300.jpg 258w, https:\/\/bebart.it\/wp-content\/uploads\/2022\/03\/20211206_123210_LR-550x639.jpg 550w, https:\/\/bebart.it\/wp-content\/uploads\/2022\/03\/20211206_123210_LR-881x1024.jpg 881w, https:\/\/bebart.it\/wp-content\/uploads\/2022\/03\/20211206_123210_LR-768x893.jpg 768w, https:\/\/bebart.it\/wp-content\/uploads\/2022\/03\/20211206_123210_LR.jpg 929w\" sizes=\"(max-width: 258px) 100vw, 258px\" \/> <img loading=\"lazy\" class=\"alignnone size-medium wp-image-262\" src=\"http:\/\/bebart.it\/wp-content\/uploads\/2022\/03\/20211206_123142_LR-238x300.jpg\" alt=\"\" width=\"238\" height=\"300\" srcset=\"https:\/\/bebart.it\/wp-content\/uploads\/2022\/03\/20211206_123142_LR-238x300.jpg 238w, https:\/\/bebart.it\/wp-content\/uploads\/2022\/03\/20211206_123142_LR-550x694.jpg 550w, https:\/\/bebart.it\/wp-content\/uploads\/2022\/03\/20211206_123142_LR-812x1024.jpg 812w, https:\/\/bebart.it\/wp-content\/uploads\/2022\/03\/20211206_123142_LR-768x969.jpg 768w, https:\/\/bebart.it\/wp-content\/uploads\/2022\/03\/20211206_123142_LR.jpg 929w\" sizes=\"(max-width: 238px) 100vw, 238px\" \/> <img loading=\"lazy\" class=\"alignnone size-medium wp-image-261\" src=\"http:\/\/bebart.it\/wp-content\/uploads\/2022\/03\/20211206_123111_LR-169x300.jpg\" alt=\"\" width=\"169\" height=\"300\" srcset=\"https:\/\/bebart.it\/wp-content\/uploads\/2022\/03\/20211206_123111_LR-169x300.jpg 169w, https:\/\/bebart.it\/wp-content\/uploads\/2022\/03\/20211206_123111_LR-550x978.jpg 550w, https:\/\/bebart.it\/wp-content\/uploads\/2022\/03\/20211206_123111_LR-576x1024.jpg 576w, https:\/\/bebart.it\/wp-content\/uploads\/2022\/03\/20211206_123111_LR-768x1365.jpg 768w, https:\/\/bebart.it\/wp-content\/uploads\/2022\/03\/20211206_123111_LR-864x1536.jpg 864w, https:\/\/bebart.it\/wp-content\/uploads\/2022\/03\/20211206_123111_LR.jpg 900w\" sizes=\"(max-width: 169px) 100vw, 169px\" \/><\/p>\n","protected":false},"excerpt":{"rendered":"<div>I miei Portacandele vengono realizzati utilizzando i fiori del mio giardino, e non solo. Per questo Portacandele &#8220;CICLAMINO&#8221; ho utilizzato i fiori di Ciclamino e Tagete, i fili neri invece sono le Alghe marine raccolte quest&#8217;estate in spiaggia. A volte i fiori li raccolgo nei posti in cui mi trovo e cerco di riportarli integri a casa, per dopo sottoporli a un lungo processo di pressatura. I fiori, una volta essiccati, vengono incollati uno per uno sul vetro. Una volta asciugati vengono coperti con la delicata carta di riso. E&#8217; inclusa una candelina profumata.<\/div>\n<div>I Portacandele si illuminano dall&#8217;interno \u00a0e riflettono la luce per rendere il tuo salotto pi\u00f9 accogliente, la tua camera da letto pi\u00f9 romantica o il tuo negozio pi\u00f9 interessante.<br \/>\nSiccome questo Portacandele \u00e8 bello anche dall&#8217;interno, perch\u00e8 i fiori si vedono in modo chiaro e limpido, lo si pu\u00f2 utilizzare anche come soprammobile o centrotavola.<br \/>\nTutte le mie creazioni sono pezzi unici! Un regalo decisamente originale!<\/div>\n<div>Dimensioni: Diametro 10 cm, Altezza 9 cm<\/div>\n","protected":false},"featured_media":262,"comment_status":"open","ping_status":"closed","template":"","meta":[],"product_cat":[34],"product_tag":[],"_links":{"self":[{"href":"https:\/\/bebart.it\/index.php?rest_route=\/wp\/v2\/product\/259"}],"collection":[{"href":"https:\/\/bebart.it\/index.php?rest_route=\/wp\/v2\/product"}],"about":[{"href":"https:\/\/bebart.it\/index.php?rest_route=\/wp\/v2\/types\/product"}],"replies":[{"embeddable":true,"href":"https:\/\/bebart.it\/index.php?rest_route=%2Fwp%2Fv2%2Fcomments&post=259"}],"wp:featuredmedia":[{"embeddable":true,"href":"https:\/\/bebart.it\/index.php?rest_route=\/wp\/v2\/media\/262"}],"wp:attachment":[{"href":"https:\/\/bebart.it\/index.php?rest_route=%2Fwp%2Fv2%2Fmedia&parent=259"}],"wp:term":[{"taxonomy":"product_cat","embeddable":true,"href":"https:\/\/bebart.it\/index.php?rest_route=%2Fwp%2Fv2%2Fproduct_cat&post=259"},{"taxonomy":"product_tag","embeddable":true,"href":"https:\/\/bebart.it\/index.php?rest_route=%2Fwp%2Fv2%2Fproduct_tag&post=259"}],"curies":[{"name":"wp","href":"https:\/\/api.w.org\/{rel}","templated":true}]}}