{"id":264,"date":"2022-03-10T10:43:36","date_gmt":"2022-03-10T10:43:36","guid":{"rendered":"https:\/\/bebart.it\/?post_type=product&#038;p=264"},"modified":"2022-09-19T22:55:22","modified_gmt":"2022-09-19T22:55:22","slug":"portacandele-alghe-marine","status":"publish","type":"product","link":"https:\/\/bebart.it\/?product=portacandele-alghe-marine","title":{"rendered":"PORTACANDELE &#8220;PRUNUS&#8221;"},"content":{"rendered":"<p><img loading=\"lazy\" class=\"alignnone size-medium wp-image-1369\" src=\"http:\/\/bebart.it\/wp-content\/uploads\/2022\/09\/20220304_122836-213x300.jpg\" alt=\"\" width=\"213\" height=\"300\" srcset=\"https:\/\/bebart.it\/wp-content\/uploads\/2022\/09\/20220304_122836-213x300.jpg 213w, https:\/\/bebart.it\/wp-content\/uploads\/2022\/09\/20220304_122836-728x1024.jpg 728w, https:\/\/bebart.it\/wp-content\/uploads\/2022\/09\/20220304_122836-768x1081.jpg 768w, https:\/\/bebart.it\/wp-content\/uploads\/2022\/09\/20220304_122836-1092x1536.jpg 1092w, https:\/\/bebart.it\/wp-content\/uploads\/2022\/09\/20220304_122836-1456x2048.jpg 1456w, https:\/\/bebart.it\/wp-content\/uploads\/2022\/09\/20220304_122836-550x774.jpg 550w, https:\/\/bebart.it\/wp-content\/uploads\/2022\/09\/20220304_122836-scaled.jpg 1820w\" sizes=\"(max-width: 213px) 100vw, 213px\" \/><img loading=\"lazy\" class=\"alignnone size-medium wp-image-1371\" src=\"http:\/\/bebart.it\/wp-content\/uploads\/2022\/09\/DSC_8126-169x300.jpg\" alt=\"\" width=\"169\" height=\"300\" srcset=\"https:\/\/bebart.it\/wp-content\/uploads\/2022\/09\/DSC_8126-169x300.jpg 169w, https:\/\/bebart.it\/wp-content\/uploads\/2022\/09\/DSC_8126-576x1024.jpg 576w, https:\/\/bebart.it\/wp-content\/uploads\/2022\/09\/DSC_8126-768x1365.jpg 768w, https:\/\/bebart.it\/wp-content\/uploads\/2022\/09\/DSC_8126-864x1536.jpg 864w, https:\/\/bebart.it\/wp-content\/uploads\/2022\/09\/DSC_8126-1152x2048.jpg 1152w, https:\/\/bebart.it\/wp-content\/uploads\/2022\/09\/DSC_8126-550x978.jpg 550w, https:\/\/bebart.it\/wp-content\/uploads\/2022\/09\/DSC_8126-scaled.jpg 1440w\" sizes=\"(max-width: 169px) 100vw, 169px\" \/><img loading=\"lazy\" class=\"alignnone size-medium wp-image-1372\" src=\"http:\/\/bebart.it\/wp-content\/uploads\/2022\/09\/DSC_8128-169x300.jpg\" alt=\"\" width=\"169\" height=\"300\" srcset=\"https:\/\/bebart.it\/wp-content\/uploads\/2022\/09\/DSC_8128-169x300.jpg 169w, https:\/\/bebart.it\/wp-content\/uploads\/2022\/09\/DSC_8128-576x1024.jpg 576w, https:\/\/bebart.it\/wp-content\/uploads\/2022\/09\/DSC_8128-768x1365.jpg 768w, https:\/\/bebart.it\/wp-content\/uploads\/2022\/09\/DSC_8128-864x1536.jpg 864w, https:\/\/bebart.it\/wp-content\/uploads\/2022\/09\/DSC_8128-1152x2048.jpg 1152w, https:\/\/bebart.it\/wp-content\/uploads\/2022\/09\/DSC_8128-550x978.jpg 550w, https:\/\/bebart.it\/wp-content\/uploads\/2022\/09\/DSC_8128-scaled.jpg 1440w\" sizes=\"(max-width: 169px) 100vw, 169px\" \/><img loading=\"lazy\" class=\"alignnone size-medium wp-image-1373\" src=\"http:\/\/bebart.it\/wp-content\/uploads\/2022\/09\/20220304_123227-174x300.jpg\" alt=\"\" width=\"174\" height=\"300\" srcset=\"https:\/\/bebart.it\/wp-content\/uploads\/2022\/09\/20220304_123227-174x300.jpg 174w, https:\/\/bebart.it\/wp-content\/uploads\/2022\/09\/20220304_123227-594x1024.jpg 594w, https:\/\/bebart.it\/wp-content\/uploads\/2022\/09\/20220304_123227-768x1324.jpg 768w, https:\/\/bebart.it\/wp-content\/uploads\/2022\/09\/20220304_123227-891x1536.jpg 891w, https:\/\/bebart.it\/wp-content\/uploads\/2022\/09\/20220304_123227-1188x2048.jpg 1188w, https:\/\/bebart.it\/wp-content\/uploads\/2022\/09\/20220304_123227-550x948.jpg 550w, https:\/\/bebart.it\/wp-content\/uploads\/2022\/09\/20220304_123227-scaled.jpg 1485w\" sizes=\"(max-width: 174px) 100vw, 174px\" \/><img loading=\"lazy\" class=\"alignnone size-medium wp-image-1370\" src=\"http:\/\/bebart.it\/wp-content\/uploads\/2022\/09\/20220304_123003-241x300.jpg\" alt=\"\" width=\"241\" height=\"300\" srcset=\"https:\/\/bebart.it\/wp-content\/uploads\/2022\/09\/20220304_123003-241x300.jpg 241w, https:\/\/bebart.it\/wp-content\/uploads\/2022\/09\/20220304_123003-824x1024.jpg 824w, https:\/\/bebart.it\/wp-content\/uploads\/2022\/09\/20220304_123003-768x955.jpg 768w, https:\/\/bebart.it\/wp-content\/uploads\/2022\/09\/20220304_123003-1236x1536.jpg 1236w, https:\/\/bebart.it\/wp-content\/uploads\/2022\/09\/20220304_123003-1648x2048.jpg 1648w, https:\/\/bebart.it\/wp-content\/uploads\/2022\/09\/20220304_123003-550x684.jpg 550w\" sizes=\"(max-width: 241px) 100vw, 241px\" \/><\/p>\n","protected":false},"excerpt":{"rendered":"<p>I miei Portacandele vengono realizzati utilizzando i fiori del mio giardino, ma non solo. Per questo Portacandele &#8220;PRUNUS&#8221; ho utilizzato le foglie di Prunus e i fiori di Geranium e Violetta. A volte i fiori li raccolgo nei posti in cui mi trovo e cerco di riportarli integri a casa, per dopo sottoporrli a un lungo processo di pressatura. I fiori, una volta essiccati, vengono incollati uno per uno sul vetro. Una volta asciugati vengono coperti con la delicata carta di riso. E&#8217; inclusa una candelina profumata!<br \/>\nI Portacandele si illuminano dall&#8217;interno e riflettono la luce per rendere il tuo salotto pi\u00f9 accogliente, la tua camera da letto pi\u00f9 romantica o il tuo negozio pi\u00f9 interessante.<br \/>\nSiccome questo Portacandele \u00e8 bello anche dall&#8217;interno, perch\u00e8 i fiori si vedono in modo chiaro e limpido, lo si pu\u00f2 utilizzare anche come portaoggetti piccoli.<br \/>\nTutte le mie creazioni sono pezzi unici! Un regalo decisamente originale!<\/p>\n<p>Dimensioni: 7,5 x 7,5 x 4 cm<\/p>\n","protected":false},"featured_media":1369,"comment_status":"open","ping_status":"closed","template":"","meta":[],"product_cat":[34],"product_tag":[],"_links":{"self":[{"href":"https:\/\/bebart.it\/index.php?rest_route=\/wp\/v2\/product\/264"}],"collection":[{"href":"https:\/\/bebart.it\/index.php?rest_route=\/wp\/v2\/product"}],"about":[{"href":"https:\/\/bebart.it\/index.php?rest_route=\/wp\/v2\/types\/product"}],"replies":[{"embeddable":true,"href":"https:\/\/bebart.it\/index.php?rest_route=%2Fwp%2Fv2%2Fcomments&post=264"}],"wp:featuredmedia":[{"embeddable":true,"href":"https:\/\/bebart.it\/index.php?rest_route=\/wp\/v2\/media\/1369"}],"wp:attachment":[{"href":"https:\/\/bebart.it\/index.php?rest_route=%2Fwp%2Fv2%2Fmedia&parent=264"}],"wp:term":[{"taxonomy":"product_cat","embeddable":true,"href":"https:\/\/bebart.it\/index.php?rest_route=%2Fwp%2Fv2%2Fproduct_cat&post=264"},{"taxonomy":"product_tag","embeddable":true,"href":"https:\/\/bebart.it\/index.php?rest_route=%2Fwp%2Fv2%2Fproduct_tag&post=264"}],"curies":[{"name":"wp","href":"https:\/\/api.w.org\/{rel}","templated":true}]}}