{"id":287,"date":"2022-03-10T10:52:36","date_gmt":"2022-03-10T10:52:36","guid":{"rendered":"https:\/\/bebart.it\/?post_type=product&#038;p=287"},"modified":"2022-10-19T21:42:38","modified_gmt":"2022-10-19T21:42:38","slug":"quadro-soffioni","status":"publish","type":"product","link":"https:\/\/bebart.it\/?product=quadro-soffioni","title":{"rendered":"QUADRO di fiori pressati &#8220;PALMA&#8221;"},"content":{"rendered":"<p><img loading=\"lazy\" class=\"alignnone size-medium wp-image-1426\" src=\"http:\/\/bebart.it\/wp-content\/uploads\/2022\/10\/20211004_193237-214x300.jpg\" alt=\"\" width=\"214\" height=\"300\" srcset=\"https:\/\/bebart.it\/wp-content\/uploads\/2022\/10\/20211004_193237-214x300.jpg 214w, https:\/\/bebart.it\/wp-content\/uploads\/2022\/10\/20211004_193237-729x1024.jpg 729w, https:\/\/bebart.it\/wp-content\/uploads\/2022\/10\/20211004_193237-768x1079.jpg 768w, https:\/\/bebart.it\/wp-content\/uploads\/2022\/10\/20211004_193237-1093x1536.jpg 1093w, https:\/\/bebart.it\/wp-content\/uploads\/2022\/10\/20211004_193237-1458x2048.jpg 1458w, https:\/\/bebart.it\/wp-content\/uploads\/2022\/10\/20211004_193237-550x773.jpg 550w, https:\/\/bebart.it\/wp-content\/uploads\/2022\/10\/20211004_193237-scaled.jpg 1822w\" sizes=\"(max-width: 214px) 100vw, 214px\" \/><img loading=\"lazy\" class=\"alignnone size-medium wp-image-1427\" src=\"http:\/\/bebart.it\/wp-content\/uploads\/2022\/10\/20211004_193253-191x300.jpg\" alt=\"\" width=\"191\" height=\"300\" srcset=\"https:\/\/bebart.it\/wp-content\/uploads\/2022\/10\/20211004_193253-191x300.jpg 191w, https:\/\/bebart.it\/wp-content\/uploads\/2022\/10\/20211004_193253-652x1024.jpg 652w, https:\/\/bebart.it\/wp-content\/uploads\/2022\/10\/20211004_193253-768x1206.jpg 768w, https:\/\/bebart.it\/wp-content\/uploads\/2022\/10\/20211004_193253-978x1536.jpg 978w, https:\/\/bebart.it\/wp-content\/uploads\/2022\/10\/20211004_193253-1304x2048.jpg 1304w, https:\/\/bebart.it\/wp-content\/uploads\/2022\/10\/20211004_193253-550x864.jpg 550w, https:\/\/bebart.it\/wp-content\/uploads\/2022\/10\/20211004_193253-scaled.jpg 1630w\" sizes=\"(max-width: 191px) 100vw, 191px\" \/><\/p>\n","protected":false},"excerpt":{"rendered":"<p>Quadro &#8220;PALMA&#8221; con petalo di Iperico posato sulla corteccia della mia palma. Ho usato una cornice elegante di metallo color oro, con doppio vetro, per far risaltare ancora di pi\u00f9 la bellezza del petalo e della corteccia. Il quadro \u00e8 adatto a ogni stanza ed \u00e8 un originale idea regalo, fatta a mano!<\/p>\n<p>Dimensioni: 15 x 20 cm<\/p>\n","protected":false},"featured_media":1426,"comment_status":"open","ping_status":"closed","template":"","meta":[],"product_cat":[23],"product_tag":[],"_links":{"self":[{"href":"https:\/\/bebart.it\/index.php?rest_route=\/wp\/v2\/product\/287"}],"collection":[{"href":"https:\/\/bebart.it\/index.php?rest_route=\/wp\/v2\/product"}],"about":[{"href":"https:\/\/bebart.it\/index.php?rest_route=\/wp\/v2\/types\/product"}],"replies":[{"embeddable":true,"href":"https:\/\/bebart.it\/index.php?rest_route=%2Fwp%2Fv2%2Fcomments&post=287"}],"wp:featuredmedia":[{"embeddable":true,"href":"https:\/\/bebart.it\/index.php?rest_route=\/wp\/v2\/media\/1426"}],"wp:attachment":[{"href":"https:\/\/bebart.it\/index.php?rest_route=%2Fwp%2Fv2%2Fmedia&parent=287"}],"wp:term":[{"taxonomy":"product_cat","embeddable":true,"href":"https:\/\/bebart.it\/index.php?rest_route=%2Fwp%2Fv2%2Fproduct_cat&post=287"},{"taxonomy":"product_tag","embeddable":true,"href":"https:\/\/bebart.it\/index.php?rest_route=%2Fwp%2Fv2%2Fproduct_tag&post=287"}],"curies":[{"name":"wp","href":"https:\/\/api.w.org\/{rel}","templated":true}]}}